{"id":1905,"date":"2015-10-22T22:51:51","date_gmt":"2015-10-22T20:51:51","guid":{"rendered":"http:\/\/le-bars.net\/yoann\/?page_id=1905"},"modified":"2016-04-30T04:01:08","modified_gmt":"2016-04-30T02:01:08","slug":"liens","status":"publish","type":"page","link":"https:\/\/le-bars.net\/yoann\/fr\/liens\/","title":{"rendered":"Liens"},"content":{"rendered":"<p>Dans cette section, je vous propose un floril\u00e8ge de liens que je trouve int\u00e9ressants. Ils sont rassembl\u00e9s dans plusieurs sections, de mani\u00e8re th\u00e9matique. Comme je ne veux pas me contenter d\u2019une liste de liens, pour chacun je fais un article de pr\u00e9sentation et mets un renvoi vers cette description.<\/p>\n<h3>Sections<\/h3>\n<ul>\n<li><a href=\"http:\/\/le-bars.net\/yoann\/fr\/liens\/vulgarisation\/\" title=\"Vulgarisation\">Vulgarisation<\/a><\/li>\n<li><a href=\"http:\/\/le-bars.net\/yoann\/fr\/liens\/culture\/\" title=\"Culture\">Culture<\/a><\/li>\n<\/ul>\n","protected":false},"excerpt":{"rendered":"<p>Dans cette section, je vous propose un floril\u00e8ge de liens que je trouve int\u00e9ressants. Ils sont rassembl\u00e9s dans plusieurs sections, de mani\u00e8re th\u00e9matique. Comme je ne veux pas me contenter d\u2019une liste de liens, pour chacun je fais un article de pr\u00e9sentation et mets un renvoi vers cette description. Sections Vulgarisation Culture<\/p>\n","protected":false},"author":1,"featured_media":0,"parent":0,"menu_order":0,"comment_status":"closed","ping_status":"closed","template":"","meta":{"jetpack_post_was_ever_published":false,"footnotes":""},"class_list":["post-1905","page","type-page","status-publish","hentry"],"yoast_head":"<!-- This site is optimized with the Yoast SEO plugin v27.1.1 - https:\/\/yoast.com\/product\/yoast-seo-wordpress\/ -->\n<title>Liens &#8211; Vu d\u2019ici<\/title>\n<meta name=\"description\" content=\"Page principale de pr\u00e9sentation de liens.\" \/>\n<meta name=\"robots\" content=\"index, follow, max-snippet:-1, max-image-preview:large, max-video-preview:-1\" \/>\n<link rel=\"canonical\" href=\"https:\/\/le-bars.net\/yoann\/fr\/liens\/\" \/>\n<meta property=\"og:locale\" content=\"fr_FR\" \/>\n<meta property=\"og:type\" content=\"article\" \/>\n<meta property=\"og:title\" content=\"Liens &#8211; Vu d\u2019ici\" \/>\n<meta property=\"og:description\" content=\"Page principale de pr\u00e9sentation de liens.\" \/>\n<meta property=\"og:url\" content=\"https:\/\/le-bars.net\/yoann\/fr\/liens\/\" \/>\n<meta property=\"og:site_name\" content=\"Vu d\u2019ici\" \/>\n<meta property=\"article:modified_time\" content=\"2016-04-30T02:01:08+00:00\" \/>\n<meta name=\"twitter:card\" content=\"summary_large_image\" \/>\n<script type=\"application\/ld+json\" class=\"yoast-schema-graph\">{\"@context\":\"https:\/\/schema.org\",\"@graph\":[{\"@type\":\"WebPage\",\"@id\":\"https:\/\/le-bars.net\/yoann\/fr\/liens\/\",\"url\":\"https:\/\/le-bars.net\/yoann\/fr\/liens\/\",\"name\":\"Liens &#8211; Vu d\u2019ici\",\"isPartOf\":{\"@id\":\"https:\/\/le-bars.net\/yoann\/#website\"},\"datePublished\":\"2015-10-22T20:51:51+00:00\",\"dateModified\":\"2016-04-30T02:01:08+00:00\",\"description\":\"Page principale de pr\u00e9sentation de liens.\",\"breadcrumb\":{\"@id\":\"https:\/\/le-bars.net\/yoann\/fr\/liens\/#breadcrumb\"},\"inLanguage\":\"fr-FR\",\"potentialAction\":[{\"@type\":\"ReadAction\",\"target\":[\"https:\/\/le-bars.net\/yoann\/fr\/liens\/\"]}]},{\"@type\":\"BreadcrumbList\",\"@id\":\"https:\/\/le-bars.net\/yoann\/fr\/liens\/#breadcrumb\",\"itemListElement\":[{\"@type\":\"ListItem\",\"position\":1,\"name\":\"Accueil\",\"item\":\"https:\/\/le-bars.net\/yoann\/fr\/\"},{\"@type\":\"ListItem\",\"position\":2,\"name\":\"Liens\"}]},{\"@type\":\"WebSite\",\"@id\":\"https:\/\/le-bars.net\/yoann\/#website\",\"url\":\"https:\/\/le-bars.net\/yoann\/\",\"name\":\"Vu d\u2019ici\",\"description\":\"Pages personnelles de Yoann LE\u00a0BARS\",\"publisher\":{\"@id\":\"https:\/\/le-bars.net\/yoann\/#\/schema\/person\/90c5a2de7ad2db1184bbe140ebea1576\"},\"potentialAction\":[{\"@type\":\"SearchAction\",\"target\":{\"@type\":\"EntryPoint\",\"urlTemplate\":\"https:\/\/le-bars.net\/yoann\/?s={search_term_string}\"},\"query-input\":{\"@type\":\"PropertyValueSpecification\",\"valueRequired\":true,\"valueName\":\"search_term_string\"}}],\"inLanguage\":\"fr-FR\"},{\"@type\":[\"Person\",\"Organization\"],\"@id\":\"https:\/\/le-bars.net\/yoann\/#\/schema\/person\/90c5a2de7ad2db1184bbe140ebea1576\",\"name\":\"Yoann Le Bars\",\"image\":{\"@type\":\"ImageObject\",\"inLanguage\":\"fr-FR\",\"@id\":\"https:\/\/le-bars.net\/yoann\/#\/schema\/person\/image\/\",\"url\":\"https:\/\/i0.wp.com\/le-bars.net\/yoann\/wordpress\/wp-content\/uploads\/2020\/11\/fec731577f2c05141910be0dc3ef5bb2.jpeg?fit=80%2C80&ssl=1\",\"contentUrl\":\"https:\/\/i0.wp.com\/le-bars.net\/yoann\/wordpress\/wp-content\/uploads\/2020\/11\/fec731577f2c05141910be0dc3ef5bb2.jpeg?fit=80%2C80&ssl=1\",\"width\":80,\"height\":80,\"caption\":\"Yoann Le Bars\"},\"logo\":{\"@id\":\"https:\/\/le-bars.net\/yoann\/#\/schema\/person\/image\/\"},\"description\":\"Un enseignant-chercheur avec un peu trop de centres d\u2019int\u00e9r\u00eats pour pouvoir r\u00e9sumer\u2026\",\"sameAs\":[\"http:\/\/le-bars.net\/yoann\"]}]}<\/script>\n<!-- \/ Yoast SEO plugin. -->","yoast_head_json":{"title":"Liens &#8211; Vu d\u2019ici","description":"Page principale de pr\u00e9sentation de liens.","robots":{"index":"index","follow":"follow","max-snippet":"max-snippet:-1","max-image-preview":"max-image-preview:large","max-video-preview":"max-video-preview:-1"},"canonical":"https:\/\/le-bars.net\/yoann\/fr\/liens\/","og_locale":"fr_FR","og_type":"article","og_title":"Liens &#8211; Vu d\u2019ici","og_description":"Page principale de pr\u00e9sentation de liens.","og_url":"https:\/\/le-bars.net\/yoann\/fr\/liens\/","og_site_name":"Vu d\u2019ici","article_modified_time":"2016-04-30T02:01:08+00:00","twitter_card":"summary_large_image","schema":{"@context":"https:\/\/schema.org","@graph":[{"@type":"WebPage","@id":"https:\/\/le-bars.net\/yoann\/fr\/liens\/","url":"https:\/\/le-bars.net\/yoann\/fr\/liens\/","name":"Liens &#8211; Vu d\u2019ici","isPartOf":{"@id":"https:\/\/le-bars.net\/yoann\/#website"},"datePublished":"2015-10-22T20:51:51+00:00","dateModified":"2016-04-30T02:01:08+00:00","description":"Page principale de pr\u00e9sentation de liens.","breadcrumb":{"@id":"https:\/\/le-bars.net\/yoann\/fr\/liens\/#breadcrumb"},"inLanguage":"fr-FR","potentialAction":[{"@type":"ReadAction","target":["https:\/\/le-bars.net\/yoann\/fr\/liens\/"]}]},{"@type":"BreadcrumbList","@id":"https:\/\/le-bars.net\/yoann\/fr\/liens\/#breadcrumb","itemListElement":[{"@type":"ListItem","position":1,"name":"Accueil","item":"https:\/\/le-bars.net\/yoann\/fr\/"},{"@type":"ListItem","position":2,"name":"Liens"}]},{"@type":"WebSite","@id":"https:\/\/le-bars.net\/yoann\/#website","url":"https:\/\/le-bars.net\/yoann\/","name":"Vu d\u2019ici","description":"Pages personnelles de Yoann LE\u00a0BARS","publisher":{"@id":"https:\/\/le-bars.net\/yoann\/#\/schema\/person\/90c5a2de7ad2db1184bbe140ebea1576"},"potentialAction":[{"@type":"SearchAction","target":{"@type":"EntryPoint","urlTemplate":"https:\/\/le-bars.net\/yoann\/?s={search_term_string}"},"query-input":{"@type":"PropertyValueSpecification","valueRequired":true,"valueName":"search_term_string"}}],"inLanguage":"fr-FR"},{"@type":["Person","Organization"],"@id":"https:\/\/le-bars.net\/yoann\/#\/schema\/person\/90c5a2de7ad2db1184bbe140ebea1576","name":"Yoann Le Bars","image":{"@type":"ImageObject","inLanguage":"fr-FR","@id":"https:\/\/le-bars.net\/yoann\/#\/schema\/person\/image\/","url":"https:\/\/i0.wp.com\/le-bars.net\/yoann\/wordpress\/wp-content\/uploads\/2020\/11\/fec731577f2c05141910be0dc3ef5bb2.jpeg?fit=80%2C80&ssl=1","contentUrl":"https:\/\/i0.wp.com\/le-bars.net\/yoann\/wordpress\/wp-content\/uploads\/2020\/11\/fec731577f2c05141910be0dc3ef5bb2.jpeg?fit=80%2C80&ssl=1","width":80,"height":80,"caption":"Yoann Le Bars"},"logo":{"@id":"https:\/\/le-bars.net\/yoann\/#\/schema\/person\/image\/"},"description":"Un enseignant-chercheur avec un peu trop de centres d\u2019int\u00e9r\u00eats pour pouvoir r\u00e9sumer\u2026","sameAs":["http:\/\/le-bars.net\/yoann"]}]}},"jetpack_shortlink":"https:\/\/wp.me\/P61hos-uJ","jetpack-related-posts":[{"id":1914,"url":"https:\/\/le-bars.net\/yoann\/fr\/liens\/vulgarisation\/","url_meta":{"origin":1905,"position":0},"title":"Vulgarisation","author":"Yoann Le Bars","date":"23 octobre 2015","format":false,"excerpt":"Dans cette section, je vous propose des liens de vulgarisation scientifique. E-Penser\u00a0: Bruce\u00a0Benamran propose des vid\u00e9os de vulgarisations scientifiques g\u00e9n\u00e9ralistes. Voir la description. Luminesciences\u00a0: Jean-Pierre\u00a0Luminet est un astrophysicien, qui pr\u00e9sente de la vulgarisation de ses travaux, ainsi que ses activit\u00e9s culturelles, sur son blog. Voir la description. Scilabus\u00a0: Viviane\u00a0Lalande vulgarise\u2026","rel":"","context":"Article similaire","block_context":{"text":"Article similaire","link":""},"img":{"alt_text":"","src":"","width":0,"height":0},"classes":[]}],"jetpack_sharing_enabled":true,"_links":{"self":[{"href":"https:\/\/le-bars.net\/yoann\/wp-json\/wp\/v2\/pages\/1905","targetHints":{"allow":["GET"]}}],"collection":[{"href":"https:\/\/le-bars.net\/yoann\/wp-json\/wp\/v2\/pages"}],"about":[{"href":"https:\/\/le-bars.net\/yoann\/wp-json\/wp\/v2\/types\/page"}],"author":[{"embeddable":true,"href":"https:\/\/le-bars.net\/yoann\/wp-json\/wp\/v2\/users\/1"}],"replies":[{"embeddable":true,"href":"https:\/\/le-bars.net\/yoann\/wp-json\/wp\/v2\/comments?post=1905"}],"version-history":[{"count":11,"href":"https:\/\/le-bars.net\/yoann\/wp-json\/wp\/v2\/pages\/1905\/revisions"}],"predecessor-version":[{"id":2452,"href":"https:\/\/le-bars.net\/yoann\/wp-json\/wp\/v2\/pages\/1905\/revisions\/2452"}],"wp:attachment":[{"href":"https:\/\/le-bars.net\/yoann\/wp-json\/wp\/v2\/media?parent=1905"}],"curies":[{"name":"wp","href":"https:\/\/api.w.org\/{rel}","templated":true}]}}