{"id":1914,"date":"2015-10-23T23:04:54","date_gmt":"2015-10-23T21:04:54","guid":{"rendered":"http:\/\/le-bars.net\/yoann\/?page_id=1914"},"modified":"2016-10-31T02:31:05","modified_gmt":"2016-10-31T00:31:05","slug":"vulgarisation","status":"publish","type":"page","link":"https:\/\/le-bars.net\/yoann\/fr\/liens\/vulgarisation\/","title":{"rendered":"Vulgarisation"},"content":{"rendered":"<p>Dans cette section, je vous propose des liens de vulgarisation scientifique.<\/p>\n<ul>\n<li><a href=\"http:\/\/e-penser.com\/\" title=\"e-Penser\" target=\"_blank\">E-Penser<\/a>\u00a0: Bruce\u00a0<span style=\"font-variant: small-caps;\">Benamran<\/span> propose des vid\u00e9os de vulgarisations scientifiques g\u00e9n\u00e9ralistes. <a href=\"http:\/\/le-bars.net\/yoann\/fr\/2015\/10\/24\/presentation-de-e-penser\/\" title=\"Pr\u00e9sentation d\u2019e-Penser\">Voir la description<\/a>.<\/li>\n<li><a href=\"http:\/\/blogs.futura-sciences.com\/luminet\/\" title=\"LUMINESCIENCES\u00a0: e blog de Jean-Pierre\u00a0LUMINET, astrophysicien\" target=\"_blank\">Luminesciences<\/a>\u00a0: Jean-Pierre\u00a0<span style=\"font-variant: small-caps;\">Luminet<\/span> est un astrophysicien, qui pr\u00e9sente de la vulgarisation de ses travaux, ainsi que ses activit\u00e9s culturelles, sur son blog. <a href=\"http:\/\/le-bars.net\/yoann\/fr\/2015\/11\/30\/luminesciences-le-blog-de\/\" title=\"Luminesciences\u00a0: le blog de Jean-Pierre\u00a0Luminet\">Voir la description<\/a>.<\/li>\n<li><a href=\"http:\/\/www.scilabus.com\/\" target=\"_blank\">Scilabus<\/a>\u00a0: Viviane\u00a0<span style=\"font-variant: small-caps;\">Lalande<\/span> vulgarise les sciences exp\u00e9rimentales sur son blog. <a href=\"http:\/\/le-bars.net\/yoann\/fr\/2016\/10\/31\/scilabus-le-blog-de-viviane-lalande\/\" title=\"Scilabus\u00a0: le blog de Viviane\u00a0LALANDE\">Voir la description.<\/a><\/li>\n<\/ul>\n","protected":false},"excerpt":{"rendered":"<p>Dans cette section, je vous propose des liens de vulgarisation scientifique. E-Penser\u00a0: Bruce\u00a0Benamran propose des vid\u00e9os de vulgarisations scientifiques g\u00e9n\u00e9ralistes. Voir la description. Luminesciences\u00a0: Jean-Pierre\u00a0Luminet est un astrophysicien, qui pr\u00e9sente de la vulgarisation de ses travaux, ainsi que ses activit\u00e9s culturelles, sur son blog. Voir la description. Scilabus\u00a0: Viviane\u00a0Lalande vulgarise les sciences exp\u00e9rimentales sur son &hellip; <a href=\"https:\/\/le-bars.net\/yoann\/fr\/liens\/vulgarisation\/\" class=\"more-link\">Continuer la lecture de <span class=\"screen-reader-text\">Vulgarisation<\/span><\/a><\/p>\n","protected":false},"author":1,"featured_media":0,"parent":1905,"menu_order":0,"comment_status":"closed","ping_status":"closed","template":"","meta":{"jetpack_post_was_ever_published":false,"footnotes":""},"class_list":["post-1914","page","type-page","status-publish","hentry"],"yoast_head":"<!-- This site is optimized with the Yoast SEO plugin v27.1.1 - https:\/\/yoast.com\/product\/yoast-seo-wordpress\/ -->\n<title>Vulgarisation &#8211; Vu d\u2019ici<\/title>\n<meta name=\"description\" content=\"Liste de liens sur la vulgarisation scientifique.\" \/>\n<meta name=\"robots\" content=\"index, follow, max-snippet:-1, max-image-preview:large, max-video-preview:-1\" \/>\n<link rel=\"canonical\" href=\"https:\/\/le-bars.net\/yoann\/fr\/liens\/vulgarisation\/\" \/>\n<meta property=\"og:locale\" content=\"fr_FR\" \/>\n<meta property=\"og:type\" content=\"article\" \/>\n<meta property=\"og:title\" content=\"Vulgarisation &#8211; Vu d\u2019ici\" \/>\n<meta property=\"og:description\" content=\"Liste de liens sur la vulgarisation scientifique.\" \/>\n<meta property=\"og:url\" content=\"https:\/\/le-bars.net\/yoann\/fr\/liens\/vulgarisation\/\" \/>\n<meta property=\"og:site_name\" content=\"Vu d\u2019ici\" \/>\n<meta property=\"article:modified_time\" content=\"2016-10-31T00:31:05+00:00\" \/>\n<meta name=\"twitter:card\" content=\"summary_large_image\" \/>\n<script type=\"application\/ld+json\" class=\"yoast-schema-graph\">{\"@context\":\"https:\/\/schema.org\",\"@graph\":[{\"@type\":\"WebPage\",\"@id\":\"https:\/\/le-bars.net\/yoann\/fr\/liens\/vulgarisation\/\",\"url\":\"https:\/\/le-bars.net\/yoann\/fr\/liens\/vulgarisation\/\",\"name\":\"Vulgarisation &#8211; Vu d\u2019ici\",\"isPartOf\":{\"@id\":\"https:\/\/le-bars.net\/yoann\/#website\"},\"datePublished\":\"2015-10-23T21:04:54+00:00\",\"dateModified\":\"2016-10-31T00:31:05+00:00\",\"description\":\"Liste de liens sur la vulgarisation scientifique.\",\"breadcrumb\":{\"@id\":\"https:\/\/le-bars.net\/yoann\/fr\/liens\/vulgarisation\/#breadcrumb\"},\"inLanguage\":\"fr-FR\",\"potentialAction\":[{\"@type\":\"ReadAction\",\"target\":[\"https:\/\/le-bars.net\/yoann\/fr\/liens\/vulgarisation\/\"]}]},{\"@type\":\"BreadcrumbList\",\"@id\":\"https:\/\/le-bars.net\/yoann\/fr\/liens\/vulgarisation\/#breadcrumb\",\"itemListElement\":[{\"@type\":\"ListItem\",\"position\":1,\"name\":\"Accueil\",\"item\":\"https:\/\/le-bars.net\/yoann\/fr\/\"},{\"@type\":\"ListItem\",\"position\":2,\"name\":\"Liens\",\"item\":\"https:\/\/le-bars.net\/yoann\/fr\/liens\/\"},{\"@type\":\"ListItem\",\"position\":3,\"name\":\"Vulgarisation\"}]},{\"@type\":\"WebSite\",\"@id\":\"https:\/\/le-bars.net\/yoann\/#website\",\"url\":\"https:\/\/le-bars.net\/yoann\/\",\"name\":\"Vu d\u2019ici\",\"description\":\"Pages personnelles de Yoann LE\u00a0BARS\",\"publisher\":{\"@id\":\"https:\/\/le-bars.net\/yoann\/#\/schema\/person\/90c5a2de7ad2db1184bbe140ebea1576\"},\"potentialAction\":[{\"@type\":\"SearchAction\",\"target\":{\"@type\":\"EntryPoint\",\"urlTemplate\":\"https:\/\/le-bars.net\/yoann\/?s={search_term_string}\"},\"query-input\":{\"@type\":\"PropertyValueSpecification\",\"valueRequired\":true,\"valueName\":\"search_term_string\"}}],\"inLanguage\":\"fr-FR\"},{\"@type\":[\"Person\",\"Organization\"],\"@id\":\"https:\/\/le-bars.net\/yoann\/#\/schema\/person\/90c5a2de7ad2db1184bbe140ebea1576\",\"name\":\"Yoann Le Bars\",\"image\":{\"@type\":\"ImageObject\",\"inLanguage\":\"fr-FR\",\"@id\":\"https:\/\/le-bars.net\/yoann\/#\/schema\/person\/image\/\",\"url\":\"https:\/\/i0.wp.com\/le-bars.net\/yoann\/wordpress\/wp-content\/uploads\/2020\/11\/fec731577f2c05141910be0dc3ef5bb2.jpeg?fit=80%2C80&ssl=1\",\"contentUrl\":\"https:\/\/i0.wp.com\/le-bars.net\/yoann\/wordpress\/wp-content\/uploads\/2020\/11\/fec731577f2c05141910be0dc3ef5bb2.jpeg?fit=80%2C80&ssl=1\",\"width\":80,\"height\":80,\"caption\":\"Yoann Le Bars\"},\"logo\":{\"@id\":\"https:\/\/le-bars.net\/yoann\/#\/schema\/person\/image\/\"},\"description\":\"Un enseignant-chercheur avec un peu trop de centres d\u2019int\u00e9r\u00eats pour pouvoir r\u00e9sumer\u2026\",\"sameAs\":[\"http:\/\/le-bars.net\/yoann\"]}]}<\/script>\n<!-- \/ Yoast SEO plugin. -->","yoast_head_json":{"title":"Vulgarisation &#8211; Vu d\u2019ici","description":"Liste de liens sur la vulgarisation scientifique.","robots":{"index":"index","follow":"follow","max-snippet":"max-snippet:-1","max-image-preview":"max-image-preview:large","max-video-preview":"max-video-preview:-1"},"canonical":"https:\/\/le-bars.net\/yoann\/fr\/liens\/vulgarisation\/","og_locale":"fr_FR","og_type":"article","og_title":"Vulgarisation &#8211; Vu d\u2019ici","og_description":"Liste de liens sur la vulgarisation scientifique.","og_url":"https:\/\/le-bars.net\/yoann\/fr\/liens\/vulgarisation\/","og_site_name":"Vu d\u2019ici","article_modified_time":"2016-10-31T00:31:05+00:00","twitter_card":"summary_large_image","schema":{"@context":"https:\/\/schema.org","@graph":[{"@type":"WebPage","@id":"https:\/\/le-bars.net\/yoann\/fr\/liens\/vulgarisation\/","url":"https:\/\/le-bars.net\/yoann\/fr\/liens\/vulgarisation\/","name":"Vulgarisation &#8211; Vu d\u2019ici","isPartOf":{"@id":"https:\/\/le-bars.net\/yoann\/#website"},"datePublished":"2015-10-23T21:04:54+00:00","dateModified":"2016-10-31T00:31:05+00:00","description":"Liste de liens sur la vulgarisation scientifique.","breadcrumb":{"@id":"https:\/\/le-bars.net\/yoann\/fr\/liens\/vulgarisation\/#breadcrumb"},"inLanguage":"fr-FR","potentialAction":[{"@type":"ReadAction","target":["https:\/\/le-bars.net\/yoann\/fr\/liens\/vulgarisation\/"]}]},{"@type":"BreadcrumbList","@id":"https:\/\/le-bars.net\/yoann\/fr\/liens\/vulgarisation\/#breadcrumb","itemListElement":[{"@type":"ListItem","position":1,"name":"Accueil","item":"https:\/\/le-bars.net\/yoann\/fr\/"},{"@type":"ListItem","position":2,"name":"Liens","item":"https:\/\/le-bars.net\/yoann\/fr\/liens\/"},{"@type":"ListItem","position":3,"name":"Vulgarisation"}]},{"@type":"WebSite","@id":"https:\/\/le-bars.net\/yoann\/#website","url":"https:\/\/le-bars.net\/yoann\/","name":"Vu d\u2019ici","description":"Pages personnelles de Yoann LE\u00a0BARS","publisher":{"@id":"https:\/\/le-bars.net\/yoann\/#\/schema\/person\/90c5a2de7ad2db1184bbe140ebea1576"},"potentialAction":[{"@type":"SearchAction","target":{"@type":"EntryPoint","urlTemplate":"https:\/\/le-bars.net\/yoann\/?s={search_term_string}"},"query-input":{"@type":"PropertyValueSpecification","valueRequired":true,"valueName":"search_term_string"}}],"inLanguage":"fr-FR"},{"@type":["Person","Organization"],"@id":"https:\/\/le-bars.net\/yoann\/#\/schema\/person\/90c5a2de7ad2db1184bbe140ebea1576","name":"Yoann Le Bars","image":{"@type":"ImageObject","inLanguage":"fr-FR","@id":"https:\/\/le-bars.net\/yoann\/#\/schema\/person\/image\/","url":"https:\/\/i0.wp.com\/le-bars.net\/yoann\/wordpress\/wp-content\/uploads\/2020\/11\/fec731577f2c05141910be0dc3ef5bb2.jpeg?fit=80%2C80&ssl=1","contentUrl":"https:\/\/i0.wp.com\/le-bars.net\/yoann\/wordpress\/wp-content\/uploads\/2020\/11\/fec731577f2c05141910be0dc3ef5bb2.jpeg?fit=80%2C80&ssl=1","width":80,"height":80,"caption":"Yoann Le Bars"},"logo":{"@id":"https:\/\/le-bars.net\/yoann\/#\/schema\/person\/image\/"},"description":"Un enseignant-chercheur avec un peu trop de centres d\u2019int\u00e9r\u00eats pour pouvoir r\u00e9sumer\u2026","sameAs":["http:\/\/le-bars.net\/yoann"]}]}},"jetpack_shortlink":"https:\/\/wp.me\/P61hos-uS","jetpack-related-posts":[{"id":1905,"url":"https:\/\/le-bars.net\/yoann\/fr\/liens\/","url_meta":{"origin":1914,"position":0},"title":"Liens","author":"Yoann Le Bars","date":"22 octobre 2015","format":false,"excerpt":"Dans cette section, je vous propose un floril\u00e8ge de liens que je trouve int\u00e9ressants. Ils sont rassembl\u00e9s dans plusieurs sections, de mani\u00e8re th\u00e9matique. Comme je ne veux pas me contenter d\u2019une liste de liens, pour chacun je fais un article de pr\u00e9sentation et mets un renvoi vers cette description. Sections\u2026","rel":"","context":"Article similaire","block_context":{"text":"Article similaire","link":""},"img":{"alt_text":"","src":"","width":0,"height":0},"classes":[]},{"id":40,"url":"https:\/\/le-bars.net\/yoann\/fr\/","url_meta":{"origin":1914,"position":1},"title":"Bienvenue\u202f!","author":"Yoann Le Bars","date":"3 avril 2015","format":false,"excerpt":"De par mon m\u00e9tier, je me trouve \u00e0 changer de pays, \u00e0 habiter un temps ici, puis ailleurs. Cela a au moins le m\u00e9rite d\u2019\u00e9largir les points de vue. Justement, comment ressent-on toutes les agitations, vu d\u2019ici\u202f? Pendant mes \u00e9tudes, je me suis int\u00e9ress\u00e9 aux math\u00e9matiques appliqu\u00e9es (principalement les math\u00e9matiques\u2026","rel":"","context":"Avec 1 commentaire","block_context":{"text":"Avec 1 commentaire","link":"https:\/\/le-bars.net\/yoann\/fr\/#comments"},"img":{"alt_text":"Lever de soleil en Guyane","src":"https:\/\/i0.wp.com\/le-bars.net\/yoann\/wordpress\/wp-content\/uploads\/2015\/09\/accueil2-1024x431.png?resize=350%2C200","width":350,"height":200,"srcset":"https:\/\/i0.wp.com\/le-bars.net\/yoann\/wordpress\/wp-content\/uploads\/2015\/09\/accueil2-1024x431.png?resize=350%2C200 1x, https:\/\/i0.wp.com\/le-bars.net\/yoann\/wordpress\/wp-content\/uploads\/2015\/09\/accueil2-1024x431.png?resize=525%2C300 1.5x"},"classes":[]},{"id":81,"url":"https:\/\/le-bars.net\/yoann\/fr\/cv\/","url_meta":{"origin":1914,"position":2},"title":"CV","author":"Yoann Le Bars","date":"7 avril 2015","format":false,"excerpt":"Yoann\u00a0Le\u00a0Bars Num\u00e9ricien Domaines de comp\u00e9tences Math\u00e9matiques Analyse fonctionnelle, analyse num\u00e9rique, maillages, \u00e9l\u00e9ments finis, diff\u00e9rences finies, volumes finis, m\u00e9thode de Galerkin discontinue. Physique M\u00e9canique des fluides, oc\u00e9anographie physique. Informatique Analyse des instabilit\u00e9s num\u00e9riques, calcul parall\u00e8le, algorithmique, C, C++, Fortran, Python, $latex \\LaTeX$, GNU\/Linux (dont administration de serveurs). Anglais Courant, pratiqu\u00e9 depuis\u2026","rel":"","context":"Avec 2 commentaires","block_context":{"text":"Avec 2 commentaires","link":"https:\/\/le-bars.net\/yoann\/fr\/cv\/#comments"},"img":{"alt_text":"","src":"","width":0,"height":0},"classes":[]},{"id":3636,"url":"https:\/\/le-bars.net\/yoann\/fr\/politique-de-confidentialite\/","url_meta":{"origin":1914,"position":3},"title":"Politique de confidentialit\u00e9","author":"Yoann Le Bars","date":"23 mai 2018","format":false,"excerpt":"Qui suis-je\u202f? Je suis un particulier, actuellement en post-doctorat \u00e0 l\u2019universit\u00e9 de Caen (consulter mon CV). L\u2019adresse de mon site Web est\u00a0: http:\/\/le-bars.net\/yoann. Utilisation des donn\u00e9es personnelles collect\u00e9es Commentaires Quand vous laissez un commentaire sur mon site web, les donn\u00e9es inscrites dans le formulaire de commentaire, mais aussi votre adresse\u2026","rel":"","context":"Article similaire","block_context":{"text":"Article similaire","link":""},"img":{"alt_text":"","src":"","width":0,"height":0},"classes":[]}],"jetpack_sharing_enabled":true,"_links":{"self":[{"href":"https:\/\/le-bars.net\/yoann\/wp-json\/wp\/v2\/pages\/1914","targetHints":{"allow":["GET"]}}],"collection":[{"href":"https:\/\/le-bars.net\/yoann\/wp-json\/wp\/v2\/pages"}],"about":[{"href":"https:\/\/le-bars.net\/yoann\/wp-json\/wp\/v2\/types\/page"}],"author":[{"embeddable":true,"href":"https:\/\/le-bars.net\/yoann\/wp-json\/wp\/v2\/users\/1"}],"replies":[{"embeddable":true,"href":"https:\/\/le-bars.net\/yoann\/wp-json\/wp\/v2\/comments?post=1914"}],"version-history":[{"count":8,"href":"https:\/\/le-bars.net\/yoann\/wp-json\/wp\/v2\/pages\/1914\/revisions"}],"predecessor-version":[{"id":2952,"href":"https:\/\/le-bars.net\/yoann\/wp-json\/wp\/v2\/pages\/1914\/revisions\/2952"}],"up":[{"embeddable":true,"href":"https:\/\/le-bars.net\/yoann\/wp-json\/wp\/v2\/pages\/1905"}],"wp:attachment":[{"href":"https:\/\/le-bars.net\/yoann\/wp-json\/wp\/v2\/media?parent=1914"}],"curies":[{"name":"wp","href":"https:\/\/api.w.org\/{rel}","templated":true}]}}