{"id":1930,"date":"2015-10-23T23:04:00","date_gmt":"2015-10-23T21:04:00","guid":{"rendered":"http:\/\/le-bars.net\/yoann\/?page_id=1930"},"modified":"2016-10-31T02:26:53","modified_gmt":"2016-10-31T00:26:53","slug":"scientific-popularisation","status":"publish","type":"page","link":"https:\/\/le-bars.net\/yoann\/en\/links\/scientific-popularisation\/","title":{"rendered":"Scientific popularisation"},"content":{"rendered":"<p>This section is gathering links on scientific popularisation.<\/p>\n<ul>\n<li><a href=\"http:\/\/blogs.futura-sciences.com\/e-luminet\/\" title=\"e-LUMINESCIENCES: the blog of Jean-Pierre Luminet\" target=\"_blank\">E-Luminesciences<\/a>: Jean-Pierre Luminet is an astrophysicist, who present popularisation of his works, as well as his cultural activities, on his blog. <a href=\"http:\/\/le-bars.net\/yoann\/en\/2015\/11\/30\/e-luminesciences-the-blog-of-jean-pierre-luminet\/\" title=\"E-Luminesciences: the bog of Jean-Pierre Luminet\">See description<\/a>.<\/li>\n<li><a href=\"http:\/\/e-penser.com\/\" title=\"E-Penser\" target=\"_blank\">E-Penser<\/a>: Bruce Benamran offers videos of general scientific popularisation. <a href=\"http:\/\/le-bars.net\/yoann\/en\/2015\/10\/24\/presentation-of-e-penser\/\" title=\"Presentation of e-Penser\">See description<\/a>.<\/li>\n<li><a href=\"http:\/\/www.scilabus.com\/\" title=\"Scilabus\" target=\"_blank\">Scilabus<\/a>: Vivianne Lalande popularises experimental sciences on her blog. <a href=\"http:\/\/le-bars.net\/yoann\/en\/2016\/10\/31\/scilabus-viviane-lalandes-blog\/\" title=\"Scilabus: Vivianne Lalande\u2019s blog\">See description.<\/a><\/li>\n<\/ul>\n","protected":false},"excerpt":{"rendered":"<p>This section is gathering links on scientific popularisation. E-Luminesciences: Jean-Pierre Luminet is an astrophysicist, who present popularisation of his works, as well as his cultural activities, on his blog. See description. E-Penser: Bruce Benamran offers videos of general scientific popularisation. See description. Scilabus: Vivianne Lalande popularises experimental sciences on her blog. See description.<\/p>\n","protected":false},"author":1,"featured_media":0,"parent":1916,"menu_order":0,"comment_status":"closed","ping_status":"closed","template":"","meta":{"jetpack_post_was_ever_published":false,"footnotes":""},"class_list":["post-1930","page","type-page","status-publish","hentry"],"yoast_head":"<!-- This site is optimized with the Yoast SEO plugin v27.1.1 - https:\/\/yoast.com\/product\/yoast-seo-wordpress\/ -->\n<title>Scientific popularisation \u2013 A Vue From Here<\/title>\n<meta name=\"description\" content=\"Several links on scientific popularisation.\" \/>\n<meta name=\"robots\" content=\"index, follow, max-snippet:-1, max-image-preview:large, max-video-preview:-1\" \/>\n<link rel=\"canonical\" href=\"https:\/\/le-bars.net\/yoann\/en\/links\/scientific-popularisation\/\" \/>\n<meta property=\"og:locale\" content=\"fr_FR\" \/>\n<meta property=\"og:type\" content=\"article\" \/>\n<meta property=\"og:title\" content=\"Scientific popularisation \u2013 A Vue From Here\" \/>\n<meta property=\"og:description\" content=\"Several links on scientific popularisation.\" \/>\n<meta property=\"og:url\" content=\"https:\/\/le-bars.net\/yoann\/en\/links\/scientific-popularisation\/\" \/>\n<meta property=\"og:site_name\" content=\"Vu d\u2019ici\" \/>\n<meta property=\"article:modified_time\" content=\"2016-10-31T00:26:53+00:00\" \/>\n<meta name=\"twitter:card\" content=\"summary_large_image\" \/>\n<script type=\"application\/ld+json\" class=\"yoast-schema-graph\">{\"@context\":\"https:\/\/schema.org\",\"@graph\":[{\"@type\":\"WebPage\",\"@id\":\"https:\/\/le-bars.net\/yoann\/en\/links\/scientific-popularisation\/\",\"url\":\"https:\/\/le-bars.net\/yoann\/en\/links\/scientific-popularisation\/\",\"name\":\"Scientific popularisation \u2013 A Vue From Here\",\"isPartOf\":{\"@id\":\"https:\/\/le-bars.net\/yoann\/#website\"},\"datePublished\":\"2015-10-23T21:04:00+00:00\",\"dateModified\":\"2016-10-31T00:26:53+00:00\",\"description\":\"Several links on scientific popularisation.\",\"breadcrumb\":{\"@id\":\"https:\/\/le-bars.net\/yoann\/en\/links\/scientific-popularisation\/#breadcrumb\"},\"inLanguage\":\"fr-FR\",\"potentialAction\":[{\"@type\":\"ReadAction\",\"target\":[\"https:\/\/le-bars.net\/yoann\/en\/links\/scientific-popularisation\/\"]}]},{\"@type\":\"BreadcrumbList\",\"@id\":\"https:\/\/le-bars.net\/yoann\/en\/links\/scientific-popularisation\/#breadcrumb\",\"itemListElement\":[{\"@type\":\"ListItem\",\"position\":1,\"name\":\"Accueil\",\"item\":\"https:\/\/le-bars.net\/yoann\/fr\/\"},{\"@type\":\"ListItem\",\"position\":2,\"name\":\"Links\",\"item\":\"https:\/\/le-bars.net\/yoann\/en\/links\/\"},{\"@type\":\"ListItem\",\"position\":3,\"name\":\"Scientific popularisation\"}]},{\"@type\":\"WebSite\",\"@id\":\"https:\/\/le-bars.net\/yoann\/#website\",\"url\":\"https:\/\/le-bars.net\/yoann\/\",\"name\":\"Vu d\u2019ici\",\"description\":\"Pages personnelles de Yoann LE\u00a0BARS\",\"publisher\":{\"@id\":\"https:\/\/le-bars.net\/yoann\/#\/schema\/person\/90c5a2de7ad2db1184bbe140ebea1576\"},\"potentialAction\":[{\"@type\":\"SearchAction\",\"target\":{\"@type\":\"EntryPoint\",\"urlTemplate\":\"https:\/\/le-bars.net\/yoann\/?s={search_term_string}\"},\"query-input\":{\"@type\":\"PropertyValueSpecification\",\"valueRequired\":true,\"valueName\":\"search_term_string\"}}],\"inLanguage\":\"fr-FR\"},{\"@type\":[\"Person\",\"Organization\"],\"@id\":\"https:\/\/le-bars.net\/yoann\/#\/schema\/person\/90c5a2de7ad2db1184bbe140ebea1576\",\"name\":\"Yoann Le Bars\",\"image\":{\"@type\":\"ImageObject\",\"inLanguage\":\"fr-FR\",\"@id\":\"https:\/\/le-bars.net\/yoann\/#\/schema\/person\/image\/\",\"url\":\"https:\/\/i0.wp.com\/le-bars.net\/yoann\/wordpress\/wp-content\/uploads\/2020\/11\/fec731577f2c05141910be0dc3ef5bb2.jpeg?fit=80%2C80&ssl=1\",\"contentUrl\":\"https:\/\/i0.wp.com\/le-bars.net\/yoann\/wordpress\/wp-content\/uploads\/2020\/11\/fec731577f2c05141910be0dc3ef5bb2.jpeg?fit=80%2C80&ssl=1\",\"width\":80,\"height\":80,\"caption\":\"Yoann Le Bars\"},\"logo\":{\"@id\":\"https:\/\/le-bars.net\/yoann\/#\/schema\/person\/image\/\"},\"description\":\"Un enseignant-chercheur avec un peu trop de centres d\u2019int\u00e9r\u00eats pour pouvoir r\u00e9sumer\u2026\",\"sameAs\":[\"http:\/\/le-bars.net\/yoann\"]}]}<\/script>\n<!-- \/ Yoast SEO plugin. -->","yoast_head_json":{"title":"Scientific popularisation \u2013 A Vue From Here","description":"Several links on scientific popularisation.","robots":{"index":"index","follow":"follow","max-snippet":"max-snippet:-1","max-image-preview":"max-image-preview:large","max-video-preview":"max-video-preview:-1"},"canonical":"https:\/\/le-bars.net\/yoann\/en\/links\/scientific-popularisation\/","og_locale":"fr_FR","og_type":"article","og_title":"Scientific popularisation \u2013 A Vue From Here","og_description":"Several links on scientific popularisation.","og_url":"https:\/\/le-bars.net\/yoann\/en\/links\/scientific-popularisation\/","og_site_name":"Vu d\u2019ici","article_modified_time":"2016-10-31T00:26:53+00:00","twitter_card":"summary_large_image","schema":{"@context":"https:\/\/schema.org","@graph":[{"@type":"WebPage","@id":"https:\/\/le-bars.net\/yoann\/en\/links\/scientific-popularisation\/","url":"https:\/\/le-bars.net\/yoann\/en\/links\/scientific-popularisation\/","name":"Scientific popularisation \u2013 A Vue From Here","isPartOf":{"@id":"https:\/\/le-bars.net\/yoann\/#website"},"datePublished":"2015-10-23T21:04:00+00:00","dateModified":"2016-10-31T00:26:53+00:00","description":"Several links on scientific popularisation.","breadcrumb":{"@id":"https:\/\/le-bars.net\/yoann\/en\/links\/scientific-popularisation\/#breadcrumb"},"inLanguage":"fr-FR","potentialAction":[{"@type":"ReadAction","target":["https:\/\/le-bars.net\/yoann\/en\/links\/scientific-popularisation\/"]}]},{"@type":"BreadcrumbList","@id":"https:\/\/le-bars.net\/yoann\/en\/links\/scientific-popularisation\/#breadcrumb","itemListElement":[{"@type":"ListItem","position":1,"name":"Accueil","item":"https:\/\/le-bars.net\/yoann\/fr\/"},{"@type":"ListItem","position":2,"name":"Links","item":"https:\/\/le-bars.net\/yoann\/en\/links\/"},{"@type":"ListItem","position":3,"name":"Scientific popularisation"}]},{"@type":"WebSite","@id":"https:\/\/le-bars.net\/yoann\/#website","url":"https:\/\/le-bars.net\/yoann\/","name":"Vu d\u2019ici","description":"Pages personnelles de Yoann LE\u00a0BARS","publisher":{"@id":"https:\/\/le-bars.net\/yoann\/#\/schema\/person\/90c5a2de7ad2db1184bbe140ebea1576"},"potentialAction":[{"@type":"SearchAction","target":{"@type":"EntryPoint","urlTemplate":"https:\/\/le-bars.net\/yoann\/?s={search_term_string}"},"query-input":{"@type":"PropertyValueSpecification","valueRequired":true,"valueName":"search_term_string"}}],"inLanguage":"fr-FR"},{"@type":["Person","Organization"],"@id":"https:\/\/le-bars.net\/yoann\/#\/schema\/person\/90c5a2de7ad2db1184bbe140ebea1576","name":"Yoann Le Bars","image":{"@type":"ImageObject","inLanguage":"fr-FR","@id":"https:\/\/le-bars.net\/yoann\/#\/schema\/person\/image\/","url":"https:\/\/i0.wp.com\/le-bars.net\/yoann\/wordpress\/wp-content\/uploads\/2020\/11\/fec731577f2c05141910be0dc3ef5bb2.jpeg?fit=80%2C80&ssl=1","contentUrl":"https:\/\/i0.wp.com\/le-bars.net\/yoann\/wordpress\/wp-content\/uploads\/2020\/11\/fec731577f2c05141910be0dc3ef5bb2.jpeg?fit=80%2C80&ssl=1","width":80,"height":80,"caption":"Yoann Le Bars"},"logo":{"@id":"https:\/\/le-bars.net\/yoann\/#\/schema\/person\/image\/"},"description":"Un enseignant-chercheur avec un peu trop de centres d\u2019int\u00e9r\u00eats pour pouvoir r\u00e9sumer\u2026","sameAs":["http:\/\/le-bars.net\/yoann"]}]}},"jetpack_shortlink":"https:\/\/wp.me\/P61hos-v8","jetpack-related-posts":[{"id":1916,"url":"https:\/\/le-bars.net\/yoann\/en\/links\/","url_meta":{"origin":1930,"position":0},"title":"Links","author":"Yoann Le Bars","date":"22 octobre 2015","format":false,"excerpt":"In this section, you will found a selection of links I consider interesting. They are thematically gathered into several sections. As I do not want to give a simple list of links, for each item I make a presentation and put a reference to this description. Sections Scientific popularisation Culture","rel":"","context":"Article similaire","block_context":{"text":"Article similaire","link":""},"img":{"alt_text":"","src":"","width":0,"height":0},"classes":[]},{"id":43,"url":"https:\/\/le-bars.net\/yoann\/en\/","url_meta":{"origin":1930,"position":1},"title":"Welcome!","author":"Yoann Le Bars","date":"3 avril 2015","format":false,"excerpt":"Because of my profession, I am to move from one country to another, living some times here, then there. At least, it opens you a wider point of view. Indeed, what to think about all the restlessness, when it is view from here? When I was a student, I was\u2026","rel":"","context":"Avec 1 commentaire","block_context":{"text":"Avec 1 commentaire","link":"https:\/\/le-bars.net\/yoann\/en\/#comments"},"img":{"alt_text":"Sunrise in French Guyana","src":"https:\/\/i0.wp.com\/le-bars.net\/yoann\/wordpress\/wp-content\/uploads\/2015\/09\/accueil2-1024x431.png?resize=350%2C200","width":350,"height":200,"srcset":"https:\/\/i0.wp.com\/le-bars.net\/yoann\/wordpress\/wp-content\/uploads\/2015\/09\/accueil2-1024x431.png?resize=350%2C200 1x, https:\/\/i0.wp.com\/le-bars.net\/yoann\/wordpress\/wp-content\/uploads\/2015\/09\/accueil2-1024x431.png?resize=525%2C300 1.5x"},"classes":[]},{"id":90,"url":"https:\/\/le-bars.net\/yoann\/en\/resume\/","url_meta":{"origin":1930,"position":2},"title":"Resume","author":"Yoann Le Bars","date":"7 avril 2015","format":false,"excerpt":"Yoann Le Bars Numerical analyst Skills Mathematics Functional analysis, numerical analysis, meshes, finite elements, finite differences, finite volumes, discontinuous-Galerkin\u2019s method. Physics Fluid mechanics, physical oceanography. Computer science Analysis of numerical instabilities, parallel computing, algorithms, C, C++, Fortran, Python, $latex \\LaTeX$, gnu\/Linux (including administration of servers). French Native speaker. French citizen.\u2026","rel":"","context":"Avec 2 commentaires","block_context":{"text":"Avec 2 commentaires","link":"https:\/\/le-bars.net\/yoann\/en\/resume\/#comments"},"img":{"alt_text":"","src":"","width":0,"height":0},"classes":[]},{"id":3651,"url":"https:\/\/le-bars.net\/yoann\/en\/privacy-policy\/","url_meta":{"origin":1930,"position":3},"title":"Privacy Policy","author":"Yoann Le Bars","date":"23 mai 2018","format":false,"excerpt":"Who am I? I am an individual, currently a post-doctorate at the University of Caen (see my resume). My website address is: http:\/\/le-bars.net\/yoann. Use of collected personal data Comments When you leave a comment on my website, the data entered in the comment form, but also your IP address and\u2026","rel":"","context":"Article similaire","block_context":{"text":"Article similaire","link":""},"img":{"alt_text":"","src":"","width":0,"height":0},"classes":[]},{"id":47,"url":"https:\/\/le-bars.net\/yoann\/en\/blog\/","url_meta":{"origin":1930,"position":4},"title":"Blog","author":"Yoann Le Bars","date":"3 avril 2015","format":false,"excerpt":"","rel":"","context":"Article similaire","block_context":{"text":"Article similaire","link":""},"img":{"alt_text":"","src":"","width":0,"height":0},"classes":[]}],"jetpack_sharing_enabled":true,"_links":{"self":[{"href":"https:\/\/le-bars.net\/yoann\/wp-json\/wp\/v2\/pages\/1930","targetHints":{"allow":["GET"]}}],"collection":[{"href":"https:\/\/le-bars.net\/yoann\/wp-json\/wp\/v2\/pages"}],"about":[{"href":"https:\/\/le-bars.net\/yoann\/wp-json\/wp\/v2\/types\/page"}],"author":[{"embeddable":true,"href":"https:\/\/le-bars.net\/yoann\/wp-json\/wp\/v2\/users\/1"}],"replies":[{"embeddable":true,"href":"https:\/\/le-bars.net\/yoann\/wp-json\/wp\/v2\/comments?post=1930"}],"version-history":[{"count":7,"href":"https:\/\/le-bars.net\/yoann\/wp-json\/wp\/v2\/pages\/1930\/revisions"}],"predecessor-version":[{"id":2951,"href":"https:\/\/le-bars.net\/yoann\/wp-json\/wp\/v2\/pages\/1930\/revisions\/2951"}],"up":[{"embeddable":true,"href":"https:\/\/le-bars.net\/yoann\/wp-json\/wp\/v2\/pages\/1916"}],"wp:attachment":[{"href":"https:\/\/le-bars.net\/yoann\/wp-json\/wp\/v2\/media?parent=1930"}],"curies":[{"name":"wp","href":"https:\/\/api.w.org\/{rel}","templated":true}]}}