{"id":2445,"date":"2016-04-30T03:52:07","date_gmt":"2016-04-30T01:52:07","guid":{"rendered":"http:\/\/le-bars.net\/yoann\/?page_id=2445"},"modified":"2016-04-30T03:52:07","modified_gmt":"2016-04-30T01:52:07","slug":"culture","status":"publish","type":"page","link":"https:\/\/le-bars.net\/yoann\/en\/links\/culture\/","title":{"rendered":"Culture"},"content":{"rendered":"<p>This section is gathering links on culture.<\/p>\n<ul>\n<li><a href=\"http:\/\/www.dailymotion.com\/karimdebbache\" title=\"Karim\u202fDebbache\u2019s Dailymotion homepage\" target=\"_blank\">Karim\u202fDebbache<\/a> is a French cinema columnist. <a href=\"http:\/\/le-bars.net\/yoann\/en\/2016\/04\/30\/karim%e2%80%afdebbache-cinema-columnist\/\" title=\"Karim\u202fDebbache, French cinema columnist\">See description<\/a>.<\/li>\n<\/ul>\n","protected":false},"excerpt":{"rendered":"<p>This section is gathering links on culture. Karim\u202fDebbache is a French cinema columnist. See description.<\/p>\n","protected":false},"author":1,"featured_media":0,"parent":1916,"menu_order":0,"comment_status":"closed","ping_status":"closed","template":"","meta":{"jetpack_post_was_ever_published":false,"footnotes":""},"class_list":["post-2445","page","type-page","status-publish","hentry"],"yoast_head":"<!-- This site is optimized with the Yoast SEO plugin v27.1.1 - https:\/\/yoast.com\/product\/yoast-seo-wordpress\/ -->\n<title>Culture &#8211; Vu d\u2019ici<\/title>\n<meta name=\"description\" content=\"Liste de liens culturels.\" \/>\n<meta name=\"robots\" content=\"index, follow, max-snippet:-1, max-image-preview:large, max-video-preview:-1\" \/>\n<link rel=\"canonical\" href=\"https:\/\/le-bars.net\/yoann\/en\/links\/culture\/\" \/>\n<meta property=\"og:locale\" content=\"fr_FR\" \/>\n<meta property=\"og:type\" content=\"article\" \/>\n<meta property=\"og:title\" content=\"Culture &#8211; Vu d\u2019ici\" \/>\n<meta property=\"og:description\" content=\"Liste de liens culturels.\" \/>\n<meta property=\"og:url\" content=\"https:\/\/le-bars.net\/yoann\/en\/links\/culture\/\" \/>\n<meta property=\"og:site_name\" content=\"Vu d\u2019ici\" \/>\n<meta name=\"twitter:card\" content=\"summary_large_image\" \/>\n<script type=\"application\/ld+json\" class=\"yoast-schema-graph\">{\"@context\":\"https:\/\/schema.org\",\"@graph\":[{\"@type\":\"WebPage\",\"@id\":\"https:\/\/le-bars.net\/yoann\/en\/links\/culture\/\",\"url\":\"https:\/\/le-bars.net\/yoann\/en\/links\/culture\/\",\"name\":\"Culture &#8211; Vu d\u2019ici\",\"isPartOf\":{\"@id\":\"https:\/\/le-bars.net\/yoann\/#website\"},\"datePublished\":\"2016-04-30T01:52:07+00:00\",\"description\":\"Liste de liens culturels.\",\"breadcrumb\":{\"@id\":\"https:\/\/le-bars.net\/yoann\/en\/links\/culture\/#breadcrumb\"},\"inLanguage\":\"fr-FR\",\"potentialAction\":[{\"@type\":\"ReadAction\",\"target\":[\"https:\/\/le-bars.net\/yoann\/en\/links\/culture\/\"]}]},{\"@type\":\"BreadcrumbList\",\"@id\":\"https:\/\/le-bars.net\/yoann\/en\/links\/culture\/#breadcrumb\",\"itemListElement\":[{\"@type\":\"ListItem\",\"position\":1,\"name\":\"Accueil\",\"item\":\"https:\/\/le-bars.net\/yoann\/fr\/\"},{\"@type\":\"ListItem\",\"position\":2,\"name\":\"Links\",\"item\":\"https:\/\/le-bars.net\/yoann\/en\/links\/\"},{\"@type\":\"ListItem\",\"position\":3,\"name\":\"Culture\"}]},{\"@type\":\"WebSite\",\"@id\":\"https:\/\/le-bars.net\/yoann\/#website\",\"url\":\"https:\/\/le-bars.net\/yoann\/\",\"name\":\"Vu d\u2019ici\",\"description\":\"Pages personnelles de Yoann LE\u00a0BARS\",\"publisher\":{\"@id\":\"https:\/\/le-bars.net\/yoann\/#\/schema\/person\/90c5a2de7ad2db1184bbe140ebea1576\"},\"potentialAction\":[{\"@type\":\"SearchAction\",\"target\":{\"@type\":\"EntryPoint\",\"urlTemplate\":\"https:\/\/le-bars.net\/yoann\/?s={search_term_string}\"},\"query-input\":{\"@type\":\"PropertyValueSpecification\",\"valueRequired\":true,\"valueName\":\"search_term_string\"}}],\"inLanguage\":\"fr-FR\"},{\"@type\":[\"Person\",\"Organization\"],\"@id\":\"https:\/\/le-bars.net\/yoann\/#\/schema\/person\/90c5a2de7ad2db1184bbe140ebea1576\",\"name\":\"Yoann Le Bars\",\"image\":{\"@type\":\"ImageObject\",\"inLanguage\":\"fr-FR\",\"@id\":\"https:\/\/le-bars.net\/yoann\/#\/schema\/person\/image\/\",\"url\":\"https:\/\/i0.wp.com\/le-bars.net\/yoann\/wordpress\/wp-content\/uploads\/2020\/11\/fec731577f2c05141910be0dc3ef5bb2.jpeg?fit=80%2C80&ssl=1\",\"contentUrl\":\"https:\/\/i0.wp.com\/le-bars.net\/yoann\/wordpress\/wp-content\/uploads\/2020\/11\/fec731577f2c05141910be0dc3ef5bb2.jpeg?fit=80%2C80&ssl=1\",\"width\":80,\"height\":80,\"caption\":\"Yoann Le Bars\"},\"logo\":{\"@id\":\"https:\/\/le-bars.net\/yoann\/#\/schema\/person\/image\/\"},\"description\":\"Un enseignant-chercheur avec un peu trop de centres d\u2019int\u00e9r\u00eats pour pouvoir r\u00e9sumer\u2026\",\"sameAs\":[\"http:\/\/le-bars.net\/yoann\"]}]}<\/script>\n<!-- \/ Yoast SEO plugin. -->","yoast_head_json":{"title":"Culture &#8211; Vu d\u2019ici","description":"Liste de liens culturels.","robots":{"index":"index","follow":"follow","max-snippet":"max-snippet:-1","max-image-preview":"max-image-preview:large","max-video-preview":"max-video-preview:-1"},"canonical":"https:\/\/le-bars.net\/yoann\/en\/links\/culture\/","og_locale":"fr_FR","og_type":"article","og_title":"Culture &#8211; Vu d\u2019ici","og_description":"Liste de liens culturels.","og_url":"https:\/\/le-bars.net\/yoann\/en\/links\/culture\/","og_site_name":"Vu d\u2019ici","twitter_card":"summary_large_image","schema":{"@context":"https:\/\/schema.org","@graph":[{"@type":"WebPage","@id":"https:\/\/le-bars.net\/yoann\/en\/links\/culture\/","url":"https:\/\/le-bars.net\/yoann\/en\/links\/culture\/","name":"Culture &#8211; Vu d\u2019ici","isPartOf":{"@id":"https:\/\/le-bars.net\/yoann\/#website"},"datePublished":"2016-04-30T01:52:07+00:00","description":"Liste de liens culturels.","breadcrumb":{"@id":"https:\/\/le-bars.net\/yoann\/en\/links\/culture\/#breadcrumb"},"inLanguage":"fr-FR","potentialAction":[{"@type":"ReadAction","target":["https:\/\/le-bars.net\/yoann\/en\/links\/culture\/"]}]},{"@type":"BreadcrumbList","@id":"https:\/\/le-bars.net\/yoann\/en\/links\/culture\/#breadcrumb","itemListElement":[{"@type":"ListItem","position":1,"name":"Accueil","item":"https:\/\/le-bars.net\/yoann\/fr\/"},{"@type":"ListItem","position":2,"name":"Links","item":"https:\/\/le-bars.net\/yoann\/en\/links\/"},{"@type":"ListItem","position":3,"name":"Culture"}]},{"@type":"WebSite","@id":"https:\/\/le-bars.net\/yoann\/#website","url":"https:\/\/le-bars.net\/yoann\/","name":"Vu d\u2019ici","description":"Pages personnelles de Yoann LE\u00a0BARS","publisher":{"@id":"https:\/\/le-bars.net\/yoann\/#\/schema\/person\/90c5a2de7ad2db1184bbe140ebea1576"},"potentialAction":[{"@type":"SearchAction","target":{"@type":"EntryPoint","urlTemplate":"https:\/\/le-bars.net\/yoann\/?s={search_term_string}"},"query-input":{"@type":"PropertyValueSpecification","valueRequired":true,"valueName":"search_term_string"}}],"inLanguage":"fr-FR"},{"@type":["Person","Organization"],"@id":"https:\/\/le-bars.net\/yoann\/#\/schema\/person\/90c5a2de7ad2db1184bbe140ebea1576","name":"Yoann Le Bars","image":{"@type":"ImageObject","inLanguage":"fr-FR","@id":"https:\/\/le-bars.net\/yoann\/#\/schema\/person\/image\/","url":"https:\/\/i0.wp.com\/le-bars.net\/yoann\/wordpress\/wp-content\/uploads\/2020\/11\/fec731577f2c05141910be0dc3ef5bb2.jpeg?fit=80%2C80&ssl=1","contentUrl":"https:\/\/i0.wp.com\/le-bars.net\/yoann\/wordpress\/wp-content\/uploads\/2020\/11\/fec731577f2c05141910be0dc3ef5bb2.jpeg?fit=80%2C80&ssl=1","width":80,"height":80,"caption":"Yoann Le Bars"},"logo":{"@id":"https:\/\/le-bars.net\/yoann\/#\/schema\/person\/image\/"},"description":"Un enseignant-chercheur avec un peu trop de centres d\u2019int\u00e9r\u00eats pour pouvoir r\u00e9sumer\u2026","sameAs":["http:\/\/le-bars.net\/yoann"]}]}},"jetpack_shortlink":"https:\/\/wp.me\/P61hos-Dr","jetpack-related-posts":[{"id":1930,"url":"https:\/\/le-bars.net\/yoann\/en\/links\/scientific-popularisation\/","url_meta":{"origin":2445,"position":0},"title":"Scientific popularisation","author":"Yoann Le Bars","date":"23 octobre 2015","format":false,"excerpt":"This section is gathering links on scientific popularisation. E-Luminesciences: Jean-Pierre Luminet is an astrophysicist, who present popularisation of his works, as well as his cultural activities, on his blog. See description. E-Penser: Bruce Benamran offers videos of general scientific popularisation. See description. Scilabus: Vivianne Lalande popularises experimental sciences on her\u2026","rel":"","context":"Article similaire","block_context":{"text":"Article similaire","link":""},"img":{"alt_text":"","src":"","width":0,"height":0},"classes":[]},{"id":1916,"url":"https:\/\/le-bars.net\/yoann\/en\/links\/","url_meta":{"origin":2445,"position":1},"title":"Links","author":"Yoann Le Bars","date":"22 octobre 2015","format":false,"excerpt":"In this section, you will found a selection of links I consider interesting. They are thematically gathered into several sections. As I do not want to give a simple list of links, for each item I make a presentation and put a reference to this description. Sections Scientific popularisation Culture","rel":"","context":"Article similaire","block_context":{"text":"Article similaire","link":""},"img":{"alt_text":"","src":"","width":0,"height":0},"classes":[]},{"id":43,"url":"https:\/\/le-bars.net\/yoann\/en\/","url_meta":{"origin":2445,"position":2},"title":"Welcome!","author":"Yoann Le Bars","date":"3 avril 2015","format":false,"excerpt":"Because of my profession, I am to move from one country to another, living some times here, then there. At least, it opens you a wider point of view. Indeed, what to think about all the restlessness, when it is view from here? When I was a student, I was\u2026","rel":"","context":"Avec 1 commentaire","block_context":{"text":"Avec 1 commentaire","link":"https:\/\/le-bars.net\/yoann\/en\/#comments"},"img":{"alt_text":"Sunrise in French Guyana","src":"https:\/\/i0.wp.com\/le-bars.net\/yoann\/wordpress\/wp-content\/uploads\/2015\/09\/accueil2-1024x431.png?resize=350%2C200","width":350,"height":200,"srcset":"https:\/\/i0.wp.com\/le-bars.net\/yoann\/wordpress\/wp-content\/uploads\/2015\/09\/accueil2-1024x431.png?resize=350%2C200 1x, https:\/\/i0.wp.com\/le-bars.net\/yoann\/wordpress\/wp-content\/uploads\/2015\/09\/accueil2-1024x431.png?resize=525%2C300 1.5x"},"classes":[]},{"id":3651,"url":"https:\/\/le-bars.net\/yoann\/en\/privacy-policy\/","url_meta":{"origin":2445,"position":3},"title":"Privacy Policy","author":"Yoann Le Bars","date":"23 mai 2018","format":false,"excerpt":"Who am I? I am an individual, currently a post-doctorate at the University of Caen (see my resume). My website address is: http:\/\/le-bars.net\/yoann. Use of collected personal data Comments When you leave a comment on my website, the data entered in the comment form, but also your IP address and\u2026","rel":"","context":"Article similaire","block_context":{"text":"Article similaire","link":""},"img":{"alt_text":"","src":"","width":0,"height":0},"classes":[]},{"id":90,"url":"https:\/\/le-bars.net\/yoann\/en\/resume\/","url_meta":{"origin":2445,"position":4},"title":"Resume","author":"Yoann Le Bars","date":"7 avril 2015","format":false,"excerpt":"Yoann Le Bars Numerical analyst Skills Mathematics Functional analysis, numerical analysis, meshes, finite elements, finite differences, finite volumes, discontinuous-Galerkin\u2019s method. Physics Fluid mechanics, physical oceanography. Computer science Analysis of numerical instabilities, parallel computing, algorithms, C, C++, Fortran, Python, $latex \\LaTeX$, gnu\/Linux (including administration of servers). French Native speaker. French citizen.\u2026","rel":"","context":"Avec 2 commentaires","block_context":{"text":"Avec 2 commentaires","link":"https:\/\/le-bars.net\/yoann\/en\/resume\/#comments"},"img":{"alt_text":"","src":"","width":0,"height":0},"classes":[]}],"jetpack_sharing_enabled":true,"_links":{"self":[{"href":"https:\/\/le-bars.net\/yoann\/wp-json\/wp\/v2\/pages\/2445","targetHints":{"allow":["GET"]}}],"collection":[{"href":"https:\/\/le-bars.net\/yoann\/wp-json\/wp\/v2\/pages"}],"about":[{"href":"https:\/\/le-bars.net\/yoann\/wp-json\/wp\/v2\/types\/page"}],"author":[{"embeddable":true,"href":"https:\/\/le-bars.net\/yoann\/wp-json\/wp\/v2\/users\/1"}],"replies":[{"embeddable":true,"href":"https:\/\/le-bars.net\/yoann\/wp-json\/wp\/v2\/comments?post=2445"}],"version-history":[{"count":2,"href":"https:\/\/le-bars.net\/yoann\/wp-json\/wp\/v2\/pages\/2445\/revisions"}],"predecessor-version":[{"id":2447,"href":"https:\/\/le-bars.net\/yoann\/wp-json\/wp\/v2\/pages\/2445\/revisions\/2447"}],"up":[{"embeddable":true,"href":"https:\/\/le-bars.net\/yoann\/wp-json\/wp\/v2\/pages\/1916"}],"wp:attachment":[{"href":"https:\/\/le-bars.net\/yoann\/wp-json\/wp\/v2\/media?parent=2445"}],"curies":[{"name":"wp","href":"https:\/\/api.w.org\/{rel}","templated":true}]}}