{"id":3636,"date":"2018-05-23T03:43:10","date_gmt":"2018-05-23T01:43:10","guid":{"rendered":"http:\/\/le-bars.net\/yoann\/?page_id=3636"},"modified":"2018-05-23T03:43:10","modified_gmt":"2018-05-23T01:43:10","slug":"politique-de-confidentialite","status":"publish","type":"page","link":"https:\/\/le-bars.net\/yoann\/fr\/politique-de-confidentialite\/","title":{"rendered":"Politique de confidentialit\u00e9"},"content":{"rendered":"<h2>Qui suis-je\u202f?<\/h2>\n<p>Je suis un particulier, actuellement en post-doctorat \u00e0 l\u2019<a href=\"http:\/\/www.unicaen.fr\/\" title=\"Universit\u00e9 de Caen\" rel=\"noopener\" target=\"_blank\">universit\u00e9 de Caen<\/a> (<a href=\"http:\/\/le-bars.net\/yoann\/fr\/cv\/\" title=\"CV\">consulter mon CV<\/a>). L\u2019adresse de mon site Web est\u00a0: <a href=\"http:\/\/le-bars.net\/yoann\/fr\/\" title=\"Vu d\u2019ici\">http:\/\/le-bars.net\/yoann<\/a>.<\/p>\n<h2>Utilisation des donn\u00e9es personnelles collect\u00e9es<\/h2>\n<h3>Commentaires<\/h3>\n<p>Quand vous laissez un commentaire sur mon site web, les donn\u00e9es inscrites dans le formulaire de commentaire, mais aussi votre adresse IP et l\u2019agent utilisateur de votre navigateur sont collect\u00e9s pour m\u2019aider \u00e0 la d\u00e9tection des commentaires ind\u00e9sirables.<\/p>\n<p>Une cha\u00eene anonymis\u00e9e cr\u00e9\u00e9e \u00e0 partir de votre adresse de messagerie (\u00e9galement appel\u00e9e hash) peut \u00eatre envoy\u00e9e au service <a href=\"http:\/\/www.gravatar.com\/\" title=\"Gravatar\" rel=\"noopener\" target=\"_blank\">Gravatar<\/a> pour v\u00e9rifier si vous utilisez ce dernier. Les clauses de confidentialit\u00e9 du service Gravatar sont disponibles ici\u00a0: <a href=\"https:\/\/automattic.com\/privacy\/\" title=\"Politique de confidentialit\u00e9 de Gravatar\" rel=\"noopener\" target=\"_blank\">https:\/\/automattic.com\/privacy\/<\/a>. Apr\u00e8s validation de votre commentaire, votre photo de profil sera visible publiquement \u00e0 cot\u00e9 de votre commentaire.<\/p>\n<h3>M\u00e9dias<\/h3>\n<p>Si vous \u00eates un utilisateur ou une utilisatrice enregistr\u00e9\u00b7e et que vous t\u00e9l\u00e9versez des images sur le site web, je vous conseille d\u2019\u00e9viter de t\u00e9l\u00e9verser des images contenant des donn\u00e9es EXIF de coordonn\u00e9es GPS. Les visiteurs de votre site web peuvent t\u00e9l\u00e9charger et extraire des donn\u00e9es de localisation depuis ces images.<\/p>\n<h3>Formulaire de contact<\/h3>\n<p>L\u2019utilisation <a href=\"http:\/\/le-bars.net\/yoann\/fr\/formulaire-de-contact\/\" title=\"Formulaire de contact\">formulaire de contact<\/a> n\u00e9cessite de transmettre votre nom (ou pseudonyme) et votre adresse \u00e9lectronique. L\u2019adresse \u00e9lectronique me permet de vous r\u00e9pondre.<\/p>\n<h3>Cookies<\/h3>\n<p>Si vous d\u00e9posez un commentaire sur mon site, il vous sera propos\u00e9 d\u2019enregistrer votre nom, adresse de messagerie et site web dans des cookies. C\u2019est uniquement pour votre confort afin de ne pas avoir \u00e0 saisir ces informations si vous d\u00e9posez un autre commentaire plus tard. Ces cookies expirent au bout d\u2019un an.<\/p>\n<p>Si vous avez un compte et que vous vous connectez sur ce site, un cookie temporaire sera cr\u00e9\u00e9 afin de d\u00e9terminer si votre navigateur accepte les cookies. Il ne contient pas de donn\u00e9es personnelles et sera supprim\u00e9 automatiquement \u00e0 la fermeture de votre navigateur.<\/p>\n<p>Lorsque vous vous connectez, un certain nombre de cookies sont mis en place pour enregistrer vos informations de connexion et vos pr\u00e9f\u00e9rences d\u2019\u00e9cran. La dur\u00e9e de vie d\u2019un cookie de connexion est de deux jours, celle d\u2019un cookie d\u2019option d\u2019\u00e9cran est d\u2019un an. Si vous cochez \u00ab\u202fSe souvenir de moi\u202f\u00bb, votre cookie de connexion sera conserv\u00e9 pendant deux semaines. Si vous vous d\u00e9connectez de votre compte, le cookie de connexion sera effac\u00e9.<\/p>\n<p>En modifiant ou en publiant un article, un cookie suppl\u00e9mentaire sera enregistr\u00e9 dans votre navigateur. Ce cookie ne comprend aucune donn\u00e9e personnelle. Il indique simplement l\u2019identifiant de l\u2019article que vous venez de modifier. Il expire au bout d\u2019un jour.<\/p>\n<h3>Contenu embarqu\u00e9 depuis d\u2019autres sites<\/h3>\n<p>Les articles de ce site peuvent inclure des contenus int\u00e9gr\u00e9s (par exemple des vid\u00e9os, images, articles\u2026). Le contenu int\u00e9gr\u00e9 depuis d\u2019autres sites se comporte de la m\u00eame mani\u00e8re que si le visiteur se rendait sur cet autre site.<\/p>\n<p>Ces sites web pourraient collecter des donn\u00e9es sur vous, utiliser des cookies, embarquer des outils de suivis tiers ou suivre vos interactions avec ces contenus embarqu\u00e9s si vous disposez d\u2019un compte connect\u00e9 sur leur site web.<\/p>\n<h3>Statistiques et mesures d\u2019audience<\/h3>\n<p>La <a href=\"https:\/\/fr.wikipedia.org\/wiki\/Suite_des_protocoles_Internet\" title=\"Suite des protocoles Internet\" rel=\"noopener\" target=\"_blank\">norme TCP\/IP<\/a> induit que, pour chaque requ\u00eate que vous r\u00e9alisez sur ce site, votre adresse IP est transmise (cela permet de renvoyer les r\u00e9sultats de la requ\u00eate). Cela permet une estimation approximative de la localisation g\u00e9ographique du syst\u00e8me r\u00e9alisant la requ\u00eate.<\/p>\n<p>\u00c9galement, ce site maintient un suivi de la consultation des pages. Ces statistiques ne conservent pas les adresses IP ayant r\u00e9alis\u00e9es les requ\u00eates.<\/p>\n<h2>Utilisation et transmission de vos donn\u00e9es personnelles<\/h2>\n<p>Ce site ne fait usage de cookies que pour faciliter l\u2019\u00e9dition des articles. Aucune donn\u00e9e personnelle n\u2019est transmise \u00e0 un tiers.<\/p>\n<h2>Dur\u00e9es de stockage de vos donn\u00e9es<\/h2>\n<p>Si vous laissez un commentaire, le commentaire et ses m\u00e9tadonn\u00e9es sont conserv\u00e9s ind\u00e9finiment. Cela permet de reconna\u00eetre et approuver automatiquement les commentaires suivants au lieu de les laisser dans la file de mod\u00e9ration.<\/p>\n<h2>Les droits que vous avez sur vos donn\u00e9es<\/h2>\n<p>Si vous avez un compte ou si vous avez laiss\u00e9 des commentaires sur le site, vous pouvez demander \u00e0 recevoir un fichier contenant toutes les donn\u00e9es personnelles que je poss\u00e8de \u00e0 votre sujet, incluant celles que vous avez fournies. Vous pouvez \u00e9galement demander la suppression des donn\u00e9es personnelles vous concernant. Cela ne prend pas en compte les donn\u00e9es stock\u00e9es \u00e0 des fins administratives, l\u00e9gales ou pour des raisons de s\u00e9curit\u00e9.<\/p>\n<h2>Transmission de vos donn\u00e9es personnelles<\/h2>\n<p>Les commentaires des visiteurs sont v\u00e9rifi\u00e9s \u00e0 l\u2019aide d\u2019un service automatis\u00e9 de d\u00e9tection des commentaires ind\u00e9sirables.<\/p>\n<h2>Informations suppl\u00e9mentaires<\/h2>\n<h3>Comment je prot\u00e8ge vos donn\u00e9es<\/h3>\n<p>Aucune donn\u00e9e personnelle collect\u00e9e par ce site n\u2019est transmise \u00e0 un tiers.<\/p>\n<h3>Proc\u00e9dures mises en \u0153uvre en cas de fuite de donn\u00e9es<\/h3>\n<p>Si vous soup\u00e7onnez que des donn\u00e9es personnelles vous concernant ont \u00e9t\u00e9 transmises par l\u2019interm\u00e9diaire de ce site, <a href=\"http:\/\/le-bars.net\/yoann\/fr\/formulaire-de-contact\/\" title=\"Formulaire de contact.\">contactez-moi<\/a>.<\/p>\n<h3>Les services tiers qui nous transmettent des donn\u00e9es<\/h3>\n<p>Ce site utilise les services de <a href=\"https:\/\/jetpack.com\/\" title=\"Jetpack\" rel=\"noopener\" target=\"_blank\">Jetpack<\/a> et <a href=\"https:\/\/yoast.com\/\" title=\"Yoast\" rel=\"noopener\" target=\"_blank\">Yoast<\/a>. Leurs services de suivis des visiteurs, ainsi que les analyses de l\u2019audience par des tiers, n\u2019ont pas \u00e9t\u00e9 activ\u00e9s.<\/p>\n<h3>Op\u00e9rations de marketing automatis\u00e9s ou de profilage r\u00e9alis\u00e9es \u00e0 l\u2019aide des donn\u00e9es personnelles<\/h3>\n<p>Les donn\u00e9es collect\u00e9es par ce site ne sont pas utilis\u00e9es \u00e0 des fins de marketing ou de profilage.<\/p>\n","protected":false},"excerpt":{"rendered":"<p>Qui suis-je\u202f? Je suis un particulier, actuellement en post-doctorat \u00e0 l\u2019universit\u00e9 de Caen (consulter mon CV). L\u2019adresse de mon site Web est\u00a0: http:\/\/le-bars.net\/yoann. Utilisation des donn\u00e9es personnelles collect\u00e9es Commentaires Quand vous laissez un commentaire sur mon site web, les donn\u00e9es inscrites dans le formulaire de commentaire, mais aussi votre adresse IP et l\u2019agent utilisateur de &hellip; <a href=\"https:\/\/le-bars.net\/yoann\/fr\/politique-de-confidentialite\/\" class=\"more-link\">Continuer la lecture de <span class=\"screen-reader-text\">Politique de confidentialit\u00e9<\/span><\/a><\/p>\n","protected":false},"author":1,"featured_media":0,"parent":0,"menu_order":0,"comment_status":"closed","ping_status":"closed","template":"","meta":{"jetpack_post_was_ever_published":false,"footnotes":""},"class_list":["post-3636","page","type-page","status-publish","hentry"],"yoast_head":"<!-- This site is optimized with the Yoast SEO plugin v27.1.1 - https:\/\/yoast.com\/product\/yoast-seo-wordpress\/ -->\n<title>Politique de confidentialit\u00e9 &#8211; Vu d\u2019ici<\/title>\n<meta name=\"robots\" content=\"index, follow, max-snippet:-1, max-image-preview:large, max-video-preview:-1\" \/>\n<link rel=\"canonical\" href=\"https:\/\/le-bars.net\/yoann\/fr\/politique-de-confidentialite\/\" \/>\n<meta property=\"og:locale\" content=\"fr_FR\" \/>\n<meta property=\"og:type\" content=\"article\" \/>\n<meta property=\"og:title\" content=\"Politique de confidentialit\u00e9 &#8211; Vu d\u2019ici\" \/>\n<meta property=\"og:description\" content=\"Qui suis-je\u202f? Je suis un particulier, actuellement en post-doctorat \u00e0 l\u2019universit\u00e9 de Caen (consulter mon CV). L\u2019adresse de mon site Web est\u00a0: http:\/\/le-bars.net\/yoann. Utilisation des donn\u00e9es personnelles collect\u00e9es Commentaires Quand vous laissez un commentaire sur mon site web, les donn\u00e9es inscrites dans le formulaire de commentaire, mais aussi votre adresse IP et l\u2019agent utilisateur de &hellip; Continuer la lecture de Politique de confidentialit\u00e9\" \/>\n<meta property=\"og:url\" content=\"https:\/\/le-bars.net\/yoann\/fr\/politique-de-confidentialite\/\" \/>\n<meta property=\"og:site_name\" content=\"Vu d\u2019ici\" \/>\n<meta name=\"twitter:card\" content=\"summary_large_image\" \/>\n<meta name=\"twitter:label1\" content=\"Dur\u00e9e de lecture estim\u00e9e\" \/>\n\t<meta name=\"twitter:data1\" content=\"5 minutes\" \/>\n<script type=\"application\/ld+json\" class=\"yoast-schema-graph\">{\"@context\":\"https:\/\/schema.org\",\"@graph\":[{\"@type\":\"WebPage\",\"@id\":\"https:\/\/le-bars.net\/yoann\/fr\/politique-de-confidentialite\/\",\"url\":\"https:\/\/le-bars.net\/yoann\/fr\/politique-de-confidentialite\/\",\"name\":\"Politique de confidentialit\u00e9 &#8211; Vu d\u2019ici\",\"isPartOf\":{\"@id\":\"https:\/\/le-bars.net\/yoann\/#website\"},\"datePublished\":\"2018-05-23T01:43:10+00:00\",\"breadcrumb\":{\"@id\":\"https:\/\/le-bars.net\/yoann\/fr\/politique-de-confidentialite\/#breadcrumb\"},\"inLanguage\":\"fr-FR\",\"potentialAction\":[{\"@type\":\"ReadAction\",\"target\":[\"https:\/\/le-bars.net\/yoann\/fr\/politique-de-confidentialite\/\"]}]},{\"@type\":\"BreadcrumbList\",\"@id\":\"https:\/\/le-bars.net\/yoann\/fr\/politique-de-confidentialite\/#breadcrumb\",\"itemListElement\":[{\"@type\":\"ListItem\",\"position\":1,\"name\":\"Accueil\",\"item\":\"https:\/\/le-bars.net\/yoann\/fr\/\"},{\"@type\":\"ListItem\",\"position\":2,\"name\":\"Politique de confidentialit\u00e9\"}]},{\"@type\":\"WebSite\",\"@id\":\"https:\/\/le-bars.net\/yoann\/#website\",\"url\":\"https:\/\/le-bars.net\/yoann\/\",\"name\":\"Vu d\u2019ici\",\"description\":\"Pages personnelles de Yoann LE\u00a0BARS\",\"publisher\":{\"@id\":\"https:\/\/le-bars.net\/yoann\/#\/schema\/person\/90c5a2de7ad2db1184bbe140ebea1576\"},\"potentialAction\":[{\"@type\":\"SearchAction\",\"target\":{\"@type\":\"EntryPoint\",\"urlTemplate\":\"https:\/\/le-bars.net\/yoann\/?s={search_term_string}\"},\"query-input\":{\"@type\":\"PropertyValueSpecification\",\"valueRequired\":true,\"valueName\":\"search_term_string\"}}],\"inLanguage\":\"fr-FR\"},{\"@type\":[\"Person\",\"Organization\"],\"@id\":\"https:\/\/le-bars.net\/yoann\/#\/schema\/person\/90c5a2de7ad2db1184bbe140ebea1576\",\"name\":\"Yoann Le Bars\",\"image\":{\"@type\":\"ImageObject\",\"inLanguage\":\"fr-FR\",\"@id\":\"https:\/\/le-bars.net\/yoann\/#\/schema\/person\/image\/\",\"url\":\"https:\/\/i0.wp.com\/le-bars.net\/yoann\/wordpress\/wp-content\/uploads\/2020\/11\/fec731577f2c05141910be0dc3ef5bb2.jpeg?fit=80%2C80&ssl=1\",\"contentUrl\":\"https:\/\/i0.wp.com\/le-bars.net\/yoann\/wordpress\/wp-content\/uploads\/2020\/11\/fec731577f2c05141910be0dc3ef5bb2.jpeg?fit=80%2C80&ssl=1\",\"width\":80,\"height\":80,\"caption\":\"Yoann Le Bars\"},\"logo\":{\"@id\":\"https:\/\/le-bars.net\/yoann\/#\/schema\/person\/image\/\"},\"description\":\"Un enseignant-chercheur avec un peu trop de centres d\u2019int\u00e9r\u00eats pour pouvoir r\u00e9sumer\u2026\",\"sameAs\":[\"http:\/\/le-bars.net\/yoann\"]}]}<\/script>\n<!-- \/ Yoast SEO plugin. -->","yoast_head_json":{"title":"Politique de confidentialit\u00e9 &#8211; Vu d\u2019ici","robots":{"index":"index","follow":"follow","max-snippet":"max-snippet:-1","max-image-preview":"max-image-preview:large","max-video-preview":"max-video-preview:-1"},"canonical":"https:\/\/le-bars.net\/yoann\/fr\/politique-de-confidentialite\/","og_locale":"fr_FR","og_type":"article","og_title":"Politique de confidentialit\u00e9 &#8211; Vu d\u2019ici","og_description":"Qui suis-je\u202f? Je suis un particulier, actuellement en post-doctorat \u00e0 l\u2019universit\u00e9 de Caen (consulter mon CV). L\u2019adresse de mon site Web est\u00a0: http:\/\/le-bars.net\/yoann. Utilisation des donn\u00e9es personnelles collect\u00e9es Commentaires Quand vous laissez un commentaire sur mon site web, les donn\u00e9es inscrites dans le formulaire de commentaire, mais aussi votre adresse IP et l\u2019agent utilisateur de &hellip; Continuer la lecture de Politique de confidentialit\u00e9","og_url":"https:\/\/le-bars.net\/yoann\/fr\/politique-de-confidentialite\/","og_site_name":"Vu d\u2019ici","twitter_card":"summary_large_image","twitter_misc":{"Dur\u00e9e de lecture estim\u00e9e":"5 minutes"},"schema":{"@context":"https:\/\/schema.org","@graph":[{"@type":"WebPage","@id":"https:\/\/le-bars.net\/yoann\/fr\/politique-de-confidentialite\/","url":"https:\/\/le-bars.net\/yoann\/fr\/politique-de-confidentialite\/","name":"Politique de confidentialit\u00e9 &#8211; Vu d\u2019ici","isPartOf":{"@id":"https:\/\/le-bars.net\/yoann\/#website"},"datePublished":"2018-05-23T01:43:10+00:00","breadcrumb":{"@id":"https:\/\/le-bars.net\/yoann\/fr\/politique-de-confidentialite\/#breadcrumb"},"inLanguage":"fr-FR","potentialAction":[{"@type":"ReadAction","target":["https:\/\/le-bars.net\/yoann\/fr\/politique-de-confidentialite\/"]}]},{"@type":"BreadcrumbList","@id":"https:\/\/le-bars.net\/yoann\/fr\/politique-de-confidentialite\/#breadcrumb","itemListElement":[{"@type":"ListItem","position":1,"name":"Accueil","item":"https:\/\/le-bars.net\/yoann\/fr\/"},{"@type":"ListItem","position":2,"name":"Politique de confidentialit\u00e9"}]},{"@type":"WebSite","@id":"https:\/\/le-bars.net\/yoann\/#website","url":"https:\/\/le-bars.net\/yoann\/","name":"Vu d\u2019ici","description":"Pages personnelles de Yoann LE\u00a0BARS","publisher":{"@id":"https:\/\/le-bars.net\/yoann\/#\/schema\/person\/90c5a2de7ad2db1184bbe140ebea1576"},"potentialAction":[{"@type":"SearchAction","target":{"@type":"EntryPoint","urlTemplate":"https:\/\/le-bars.net\/yoann\/?s={search_term_string}"},"query-input":{"@type":"PropertyValueSpecification","valueRequired":true,"valueName":"search_term_string"}}],"inLanguage":"fr-FR"},{"@type":["Person","Organization"],"@id":"https:\/\/le-bars.net\/yoann\/#\/schema\/person\/90c5a2de7ad2db1184bbe140ebea1576","name":"Yoann Le Bars","image":{"@type":"ImageObject","inLanguage":"fr-FR","@id":"https:\/\/le-bars.net\/yoann\/#\/schema\/person\/image\/","url":"https:\/\/i0.wp.com\/le-bars.net\/yoann\/wordpress\/wp-content\/uploads\/2020\/11\/fec731577f2c05141910be0dc3ef5bb2.jpeg?fit=80%2C80&ssl=1","contentUrl":"https:\/\/i0.wp.com\/le-bars.net\/yoann\/wordpress\/wp-content\/uploads\/2020\/11\/fec731577f2c05141910be0dc3ef5bb2.jpeg?fit=80%2C80&ssl=1","width":80,"height":80,"caption":"Yoann Le Bars"},"logo":{"@id":"https:\/\/le-bars.net\/yoann\/#\/schema\/person\/image\/"},"description":"Un enseignant-chercheur avec un peu trop de centres d\u2019int\u00e9r\u00eats pour pouvoir r\u00e9sumer\u2026","sameAs":["http:\/\/le-bars.net\/yoann"]}]}},"jetpack_shortlink":"https:\/\/wp.me\/P61hos-WE","jetpack-related-posts":[{"id":40,"url":"https:\/\/le-bars.net\/yoann\/fr\/","url_meta":{"origin":3636,"position":0},"title":"Bienvenue\u202f!","author":"Yoann Le Bars","date":"3 avril 2015","format":false,"excerpt":"De par mon m\u00e9tier, je me trouve \u00e0 changer de pays, \u00e0 habiter un temps ici, puis ailleurs. Cela a au moins le m\u00e9rite d\u2019\u00e9largir les points de vue. Justement, comment ressent-on toutes les agitations, vu d\u2019ici\u202f? Pendant mes \u00e9tudes, je me suis int\u00e9ress\u00e9 aux math\u00e9matiques appliqu\u00e9es (principalement les math\u00e9matiques\u2026","rel":"","context":"Avec 1 commentaire","block_context":{"text":"Avec 1 commentaire","link":"https:\/\/le-bars.net\/yoann\/fr\/#comments"},"img":{"alt_text":"Lever de soleil en Guyane","src":"https:\/\/i0.wp.com\/le-bars.net\/yoann\/wordpress\/wp-content\/uploads\/2015\/09\/accueil2-1024x431.png?resize=350%2C200","width":350,"height":200,"srcset":"https:\/\/i0.wp.com\/le-bars.net\/yoann\/wordpress\/wp-content\/uploads\/2015\/09\/accueil2-1024x431.png?resize=350%2C200 1x, https:\/\/i0.wp.com\/le-bars.net\/yoann\/wordpress\/wp-content\/uploads\/2015\/09\/accueil2-1024x431.png?resize=525%2C300 1.5x"},"classes":[]},{"id":81,"url":"https:\/\/le-bars.net\/yoann\/fr\/cv\/","url_meta":{"origin":3636,"position":1},"title":"CV","author":"Yoann Le Bars","date":"7 avril 2015","format":false,"excerpt":"Yoann\u00a0Le\u00a0Bars Num\u00e9ricien Domaines de comp\u00e9tences Math\u00e9matiques Analyse fonctionnelle, analyse num\u00e9rique, maillages, \u00e9l\u00e9ments finis, diff\u00e9rences finies, volumes finis, m\u00e9thode de Galerkin discontinue. Physique M\u00e9canique des fluides, oc\u00e9anographie physique. Informatique Analyse des instabilit\u00e9s num\u00e9riques, calcul parall\u00e8le, algorithmique, C, C++, Fortran, Python, $latex \\LaTeX$, GNU\/Linux (dont administration de serveurs). Anglais Courant, pratiqu\u00e9 depuis\u2026","rel":"","context":"Avec 2 commentaires","block_context":{"text":"Avec 2 commentaires","link":"https:\/\/le-bars.net\/yoann\/fr\/cv\/#comments"},"img":{"alt_text":"","src":"","width":0,"height":0},"classes":[]}],"jetpack_sharing_enabled":true,"_links":{"self":[{"href":"https:\/\/le-bars.net\/yoann\/wp-json\/wp\/v2\/pages\/3636","targetHints":{"allow":["GET"]}}],"collection":[{"href":"https:\/\/le-bars.net\/yoann\/wp-json\/wp\/v2\/pages"}],"about":[{"href":"https:\/\/le-bars.net\/yoann\/wp-json\/wp\/v2\/types\/page"}],"author":[{"embeddable":true,"href":"https:\/\/le-bars.net\/yoann\/wp-json\/wp\/v2\/users\/1"}],"replies":[{"embeddable":true,"href":"https:\/\/le-bars.net\/yoann\/wp-json\/wp\/v2\/comments?post=3636"}],"version-history":[{"count":30,"href":"https:\/\/le-bars.net\/yoann\/wp-json\/wp\/v2\/pages\/3636\/revisions"}],"predecessor-version":[{"id":3673,"href":"https:\/\/le-bars.net\/yoann\/wp-json\/wp\/v2\/pages\/3636\/revisions\/3673"}],"wp:attachment":[{"href":"https:\/\/le-bars.net\/yoann\/wp-json\/wp\/v2\/media?parent=3636"}],"curies":[{"name":"wp","href":"https:\/\/api.w.org\/{rel}","templated":true}]}}