{"id":40,"date":"2015-04-03T19:52:57","date_gmt":"2015-04-03T17:52:57","guid":{"rendered":"http:\/\/le-bars.net\/yoann\/?page_id=40"},"modified":"2018-09-16T23:46:48","modified_gmt":"2018-09-16T21:46:48","slug":"bienvenue","status":"publish","type":"page","link":"https:\/\/le-bars.net\/yoann\/fr\/","title":{"rendered":"Bienvenue\u202f!"},"content":{"rendered":"<p><a href=\"https:\/\/i0.wp.com\/le-bars.net\/yoann\/wordpress\/wp-content\/uploads\/2015\/09\/accueil2.png\"><img data-recalc-dims=\"1\" loading=\"lazy\" decoding=\"async\" src=\"https:\/\/i0.wp.com\/le-bars.net\/yoann\/wordpress\/wp-content\/uploads\/2015\/09\/accueil2-1024x431.png?resize=660%2C315\" alt=\"Lever de soleil en Guyane\" width=\"660\" height=\"315\" class=\"aligncenter size-large wp-image-1545\" \/><\/a><\/p>\n<p>De par mon m\u00e9tier, je me trouve \u00e0 changer de pays, \u00e0 habiter un temps ici, puis ailleurs. Cela a au moins le m\u00e9rite d\u2019\u00e9largir les points de vue.<\/p>\n<p>Justement, comment ressent-on toutes les agitations, vu d\u2019ici\u202f?<\/p>\n<p>Pendant mes \u00e9tudes, je me suis int\u00e9ress\u00e9 aux math\u00e9matiques appliqu\u00e9es (principalement les math\u00e9matiques de la mod\u00e9lisation sur ordinateur) et \u00e0 l\u2019informatique th\u00e9orique (surtout ce qui porte sur le calcul) et depuis ma th\u00e8se mon champ d\u2019application est l\u2019oc\u00e9anographie physique. Concr\u00e8tement, je reproduis sur ordinateur le fonctionnement des oc\u00e9ans. Une th\u00e9matique forte sur laquelle j\u2019ai travaill\u00e9 est l\u2019interaction entre les grands fleuves (l\u2019Amazone et le Congo) et l\u2019oc\u00e9an. J\u2019ai \u00e9galement travaill\u00e9 sur les \u00e9pisodes de surcotes, c\u2019est-\u00e0-dire lorsque mar\u00e9e et temp\u00eate se conjuguent, dans le cadre de l\u2019adaptation au changement climatique. J\u2019ai \u00e9galement bien d\u2019autre champs d\u2019int\u00e9r\u00eat, que je compte partager ici\u202f!<\/p>\n<p>Ce site servira donc \u00e0 donner une peu de lisibilit\u00e9 \u00e0 mes activit\u00e9s culturelles, mais surtout \u00e0 pr\u00e9senter mon travail scientifique et \u00e0 discuter des m\u00e9susages de la science et des math\u00e9matiques. Vous y trouverez <a href=\"http:\/\/le-bars.net\/yoann\/fr\/cv\/\" title=\"CV\">mon CV<\/a>, quelques cr\u00e9ations personnelles et <a href=\"http:\/\/le-bars.net\/yoann\/fr\/journal\/\" title=\"Journal\">l\u2019in\u00e9vitable journal<\/a> o\u00f9 la d\u00e9licatesse nacr\u00e9e du style le dispute \u00e0 la fulgurance de l\u2019analyse rigoureuse (un baril de consid\u00e9rations distingu\u00e9es si vous trouvez d\u2019o\u00f9 provient cette d\u00e9sopilante allusion culturelle). Je vous souhaite une bonne navigation, en esp\u00e9rant vous donner l\u2019envie de revenir, souvent. Pour cela, vous pouvez souscrire aux notifications par courrier \u00e9lectronique depuis la zone de navigation ou <a href=\"http:\/\/le-bars.net\/yoann\/fr\/feed\/\" title=\"Flux RSS\">\u00e0 mes flux RSS<\/a>, c\u2019est plus simple que de faire une demande d\u2019amiti\u00e9 sur Facebook\u202f!<\/p>\n<p>Comme il est question ici de publications, il convient d\u2019indiquer ce qui suit\u00a0:<\/p>\n<ul>\n<li>\u00c0 l\u2019exclusion des commentaires (qui sont la propri\u00e9t\u00e9 intellectuelle de leurs auteurs respectifs) et sauf mention contraire, tous les textes et autres m\u00e9dias pr\u00e9sents sur ce site sont la propri\u00e9t\u00e9 intellectuelle de Yoann <span style=\"font-variant: small-caps;\">Le Bars<\/span>.<\/li>\n<li>Ces m\u00e9dias sont diffus\u00e9s sous le contrat <a href=\"http:\/\/creativecommons.org\/licenses\/by-nc-nd\/4.0\/\" title=\"Creative Commons\" target=\"_blank\"><em>Creative Commons<\/em> \u2013 Paternit\u00e9 \u2013 Pas d\u2019Utilisation Commerciale \u2013 Pas de Modification<\/a>&nbsp;: vous avez le droit \u2013 m\u00eame, je vous y encourage \u2013 de les t\u00e9l\u00e9charger et de les partager, \u00e0 la condition que vous indiquiez clairement qui en est l\u2019auteur, que vous ne les modifiez pas et que vous n\u2019en faites pas commerce.<\/li>\n<li>Si vous souhaitez modifier ces m\u00e9dias et les diffuser dans le cadre du m\u00eame contrat, j\u2019en suis ravi, <a href=\"http:\/\/le-bars.net\/yoann\/fr\/formulaire-de-contact\/\" title=\"Formulaire de contact\">mais je vous demande de m\u2019en tenir inform\u00e9<\/a>. Si vous souhaitez en faire une exploitation commerciale, je serais surpris, mais tr\u00e8s heureux et dans ce cas \u00e9galement, <a href=\"http:\/\/le-bars.net\/yoann\/fr\/formulaire-de-contact\/\" title=\"Formulaire de contact\">il faut me contacter<\/a>.<\/li>\n<li>Tout ce qui est publi\u00e9 ici repr\u00e9sente les points de vue et avis de leur auteur et n\u2019engage aucune institution ou autre entit\u00e9.<\/li>\n<\/ul>\n<p><a href=\"http:\/\/www.cafe-sciences.org\/\" title=\"Caf\u00e9 des sciences\" target=\"_blank\"><img data-recalc-dims=\"1\" width=\"660\" decoding=\"async\" src=\"https:\/\/i0.wp.com\/www.cafe-sciences.org\/membre.png?fit=660%2C200\" height=\"200\" alt=\"Logo du Caf\u00e9 des siences\" align=\"left\" \/><\/a> Ce site est membre du <a href=\"http:\/\/www.cafe-sciences.org\/\" title=\"Caf\u00e9 des sciences\" target=\"_blank\">Caf\u00e9 des sciences<\/a>.<\/p>\n<p>Les diff\u00e9rents m\u00e9dias de ce site sont d\u00e9pos\u00e9s chez <a href=\"http:\/\/www.copyrightdepot.com\/\" title=\"CopyrightDepot\" target=\"_blank\">CopyrightDepot.com<\/a> sous le num\u00e9ro 00055248. En cliquant sur le sceau en bas de chaque page de ce site, vous pourrez en consulter la <a href=\"http:\/\/www.copyrightdepot.com\/cd75\/00055248.htm\" target=\"_blank\">d\u00e9claration publique<\/a>.<\/p>\n","protected":false},"excerpt":{"rendered":"<p>De par mon m\u00e9tier, je me trouve \u00e0 changer de pays, \u00e0 habiter un temps ici, puis ailleurs. Cela a au moins le m\u00e9rite d\u2019\u00e9largir les points de vue. Justement, comment ressent-on toutes les agitations, vu d\u2019ici\u202f? Pendant mes \u00e9tudes, je me suis int\u00e9ress\u00e9 aux math\u00e9matiques appliqu\u00e9es (principalement les math\u00e9matiques de la mod\u00e9lisation sur ordinateur) &hellip; <a href=\"https:\/\/le-bars.net\/yoann\/fr\/\" class=\"more-link\">Continuer la lecture de <span class=\"screen-reader-text\">Bienvenue\u202f!<\/span><\/a><\/p>\n","protected":false},"author":1,"featured_media":0,"parent":0,"menu_order":0,"comment_status":"closed","ping_status":"open","template":"","meta":{"jetpack_post_was_ever_published":false,"footnotes":""},"class_list":["post-40","page","type-page","status-publish","hentry"],"yoast_head":"<!-- This site is optimized with the Yoast SEO plugin v27.1.1 - https:\/\/yoast.com\/product\/yoast-seo-wordpress\/ -->\n<title>Vu d\u2019ici<\/title>\n<meta name=\"description\" content=\"Pages personnelles de Yoann LE BARS. Mes domaines de comp\u00e9tences, science, culture, leurs interactions et effet sur la soci\u00e9t\u00e9.\" \/>\n<meta name=\"robots\" content=\"index, follow, max-snippet:-1, max-image-preview:large, max-video-preview:-1\" \/>\n<link rel=\"canonical\" href=\"https:\/\/le-bars.net\/yoann\/fr\/\" \/>\n<meta property=\"og:locale\" content=\"fr_FR\" \/>\n<meta property=\"og:type\" content=\"article\" \/>\n<meta property=\"og:title\" content=\"Vu d\u2019ici\" \/>\n<meta property=\"og:description\" content=\"Pages personnelles de Yoann LE BARS. Mes domaines de comp\u00e9tences, science, culture, leurs interactions et effet sur la soci\u00e9t\u00e9.\" \/>\n<meta property=\"og:url\" content=\"https:\/\/le-bars.net\/yoann\/fr\/\" \/>\n<meta property=\"og:site_name\" content=\"Vu d\u2019ici\" \/>\n<meta property=\"article:modified_time\" content=\"2018-09-16T21:46:48+00:00\" \/>\n<meta property=\"og:image\" content=\"http:\/\/le-bars.net\/yoann\/wordpress\/wp-content\/uploads\/2015\/09\/accueil2-1024x431.png\" \/>\n<meta name=\"twitter:card\" content=\"summary_large_image\" \/>\n<meta name=\"twitter:label1\" content=\"Dur\u00e9e de lecture estim\u00e9e\" \/>\n\t<meta name=\"twitter:data1\" content=\"3 minutes\" \/>\n<script type=\"application\/ld+json\" class=\"yoast-schema-graph\">{\"@context\":\"https:\/\/schema.org\",\"@graph\":[{\"@type\":\"WebPage\",\"@id\":\"https:\/\/le-bars.net\/yoann\/fr\/\",\"url\":\"https:\/\/le-bars.net\/yoann\/fr\/\",\"name\":\"Vu d\u2019ici\",\"isPartOf\":{\"@id\":\"https:\/\/le-bars.net\/yoann\/#website\"},\"primaryImageOfPage\":{\"@id\":\"https:\/\/le-bars.net\/yoann\/fr\/#primaryimage\"},\"image\":{\"@id\":\"https:\/\/le-bars.net\/yoann\/fr\/#primaryimage\"},\"thumbnailUrl\":\"http:\/\/le-bars.net\/yoann\/wordpress\/wp-content\/uploads\/2015\/09\/accueil2-1024x431.png\",\"datePublished\":\"2015-04-03T17:52:57+00:00\",\"dateModified\":\"2018-09-16T21:46:48+00:00\",\"description\":\"Pages personnelles de Yoann LE BARS. Mes domaines de comp\u00e9tences, science, culture, leurs interactions et effet sur la soci\u00e9t\u00e9.\",\"breadcrumb\":{\"@id\":\"https:\/\/le-bars.net\/yoann\/fr\/#breadcrumb\"},\"inLanguage\":\"fr-FR\",\"potentialAction\":[{\"@type\":\"ReadAction\",\"target\":[\"https:\/\/le-bars.net\/yoann\/fr\/\"]}]},{\"@type\":\"ImageObject\",\"inLanguage\":\"fr-FR\",\"@id\":\"https:\/\/le-bars.net\/yoann\/fr\/#primaryimage\",\"url\":\"http:\/\/le-bars.net\/yoann\/wordpress\/wp-content\/uploads\/2015\/09\/accueil2-1024x431.png\",\"contentUrl\":\"http:\/\/le-bars.net\/yoann\/wordpress\/wp-content\/uploads\/2015\/09\/accueil2-1024x431.png\"},{\"@type\":\"BreadcrumbList\",\"@id\":\"https:\/\/le-bars.net\/yoann\/fr\/#breadcrumb\",\"itemListElement\":[{\"@type\":\"ListItem\",\"position\":1,\"name\":\"Accueil\",\"item\":\"https:\/\/le-bars.net\/yoann\/fr\/\"},{\"@type\":\"ListItem\",\"position\":2,\"name\":\"Bienvenue\u202f!\"}]},{\"@type\":\"WebSite\",\"@id\":\"https:\/\/le-bars.net\/yoann\/#website\",\"url\":\"https:\/\/le-bars.net\/yoann\/\",\"name\":\"Vu d\u2019ici\",\"description\":\"Pages personnelles de Yoann LE\u00a0BARS\",\"publisher\":{\"@id\":\"https:\/\/le-bars.net\/yoann\/#\/schema\/person\/90c5a2de7ad2db1184bbe140ebea1576\"},\"potentialAction\":[{\"@type\":\"SearchAction\",\"target\":{\"@type\":\"EntryPoint\",\"urlTemplate\":\"https:\/\/le-bars.net\/yoann\/?s={search_term_string}\"},\"query-input\":{\"@type\":\"PropertyValueSpecification\",\"valueRequired\":true,\"valueName\":\"search_term_string\"}}],\"inLanguage\":\"fr-FR\"},{\"@type\":[\"Person\",\"Organization\"],\"@id\":\"https:\/\/le-bars.net\/yoann\/#\/schema\/person\/90c5a2de7ad2db1184bbe140ebea1576\",\"name\":\"Yoann Le Bars\",\"image\":{\"@type\":\"ImageObject\",\"inLanguage\":\"fr-FR\",\"@id\":\"https:\/\/le-bars.net\/yoann\/#\/schema\/person\/image\/\",\"url\":\"https:\/\/i0.wp.com\/le-bars.net\/yoann\/wordpress\/wp-content\/uploads\/2020\/11\/fec731577f2c05141910be0dc3ef5bb2.jpeg?fit=80%2C80&ssl=1\",\"contentUrl\":\"https:\/\/i0.wp.com\/le-bars.net\/yoann\/wordpress\/wp-content\/uploads\/2020\/11\/fec731577f2c05141910be0dc3ef5bb2.jpeg?fit=80%2C80&ssl=1\",\"width\":80,\"height\":80,\"caption\":\"Yoann Le Bars\"},\"logo\":{\"@id\":\"https:\/\/le-bars.net\/yoann\/#\/schema\/person\/image\/\"},\"description\":\"Un enseignant-chercheur avec un peu trop de centres d\u2019int\u00e9r\u00eats pour pouvoir r\u00e9sumer\u2026\",\"sameAs\":[\"http:\/\/le-bars.net\/yoann\"]}]}<\/script>\n<!-- \/ Yoast SEO plugin. -->","yoast_head_json":{"title":"Vu d\u2019ici","description":"Pages personnelles de Yoann LE BARS. Mes domaines de comp\u00e9tences, science, culture, leurs interactions et effet sur la soci\u00e9t\u00e9.","robots":{"index":"index","follow":"follow","max-snippet":"max-snippet:-1","max-image-preview":"max-image-preview:large","max-video-preview":"max-video-preview:-1"},"canonical":"https:\/\/le-bars.net\/yoann\/fr\/","og_locale":"fr_FR","og_type":"article","og_title":"Vu d\u2019ici","og_description":"Pages personnelles de Yoann LE BARS. Mes domaines de comp\u00e9tences, science, culture, leurs interactions et effet sur la soci\u00e9t\u00e9.","og_url":"https:\/\/le-bars.net\/yoann\/fr\/","og_site_name":"Vu d\u2019ici","article_modified_time":"2018-09-16T21:46:48+00:00","og_image":[{"url":"http:\/\/le-bars.net\/yoann\/wordpress\/wp-content\/uploads\/2015\/09\/accueil2-1024x431.png","type":"","width":"","height":""}],"twitter_card":"summary_large_image","twitter_misc":{"Dur\u00e9e de lecture estim\u00e9e":"3 minutes"},"schema":{"@context":"https:\/\/schema.org","@graph":[{"@type":"WebPage","@id":"https:\/\/le-bars.net\/yoann\/fr\/","url":"https:\/\/le-bars.net\/yoann\/fr\/","name":"Vu d\u2019ici","isPartOf":{"@id":"https:\/\/le-bars.net\/yoann\/#website"},"primaryImageOfPage":{"@id":"https:\/\/le-bars.net\/yoann\/fr\/#primaryimage"},"image":{"@id":"https:\/\/le-bars.net\/yoann\/fr\/#primaryimage"},"thumbnailUrl":"http:\/\/le-bars.net\/yoann\/wordpress\/wp-content\/uploads\/2015\/09\/accueil2-1024x431.png","datePublished":"2015-04-03T17:52:57+00:00","dateModified":"2018-09-16T21:46:48+00:00","description":"Pages personnelles de Yoann LE BARS. Mes domaines de comp\u00e9tences, science, culture, leurs interactions et effet sur la soci\u00e9t\u00e9.","breadcrumb":{"@id":"https:\/\/le-bars.net\/yoann\/fr\/#breadcrumb"},"inLanguage":"fr-FR","potentialAction":[{"@type":"ReadAction","target":["https:\/\/le-bars.net\/yoann\/fr\/"]}]},{"@type":"ImageObject","inLanguage":"fr-FR","@id":"https:\/\/le-bars.net\/yoann\/fr\/#primaryimage","url":"http:\/\/le-bars.net\/yoann\/wordpress\/wp-content\/uploads\/2015\/09\/accueil2-1024x431.png","contentUrl":"http:\/\/le-bars.net\/yoann\/wordpress\/wp-content\/uploads\/2015\/09\/accueil2-1024x431.png"},{"@type":"BreadcrumbList","@id":"https:\/\/le-bars.net\/yoann\/fr\/#breadcrumb","itemListElement":[{"@type":"ListItem","position":1,"name":"Accueil","item":"https:\/\/le-bars.net\/yoann\/fr\/"},{"@type":"ListItem","position":2,"name":"Bienvenue\u202f!"}]},{"@type":"WebSite","@id":"https:\/\/le-bars.net\/yoann\/#website","url":"https:\/\/le-bars.net\/yoann\/","name":"Vu d\u2019ici","description":"Pages personnelles de Yoann LE\u00a0BARS","publisher":{"@id":"https:\/\/le-bars.net\/yoann\/#\/schema\/person\/90c5a2de7ad2db1184bbe140ebea1576"},"potentialAction":[{"@type":"SearchAction","target":{"@type":"EntryPoint","urlTemplate":"https:\/\/le-bars.net\/yoann\/?s={search_term_string}"},"query-input":{"@type":"PropertyValueSpecification","valueRequired":true,"valueName":"search_term_string"}}],"inLanguage":"fr-FR"},{"@type":["Person","Organization"],"@id":"https:\/\/le-bars.net\/yoann\/#\/schema\/person\/90c5a2de7ad2db1184bbe140ebea1576","name":"Yoann Le Bars","image":{"@type":"ImageObject","inLanguage":"fr-FR","@id":"https:\/\/le-bars.net\/yoann\/#\/schema\/person\/image\/","url":"https:\/\/i0.wp.com\/le-bars.net\/yoann\/wordpress\/wp-content\/uploads\/2020\/11\/fec731577f2c05141910be0dc3ef5bb2.jpeg?fit=80%2C80&ssl=1","contentUrl":"https:\/\/i0.wp.com\/le-bars.net\/yoann\/wordpress\/wp-content\/uploads\/2020\/11\/fec731577f2c05141910be0dc3ef5bb2.jpeg?fit=80%2C80&ssl=1","width":80,"height":80,"caption":"Yoann Le Bars"},"logo":{"@id":"https:\/\/le-bars.net\/yoann\/#\/schema\/person\/image\/"},"description":"Un enseignant-chercheur avec un peu trop de centres d\u2019int\u00e9r\u00eats pour pouvoir r\u00e9sumer\u2026","sameAs":["http:\/\/le-bars.net\/yoann"]}]}},"jetpack_shortlink":"https:\/\/wp.me\/P61hos-E","jetpack-related-posts":[{"id":81,"url":"https:\/\/le-bars.net\/yoann\/fr\/cv\/","url_meta":{"origin":40,"position":0},"title":"CV","author":"Yoann Le Bars","date":"7 avril 2015","format":false,"excerpt":"Yoann\u00a0Le\u00a0Bars Num\u00e9ricien Domaines de comp\u00e9tences Math\u00e9matiques Analyse fonctionnelle, analyse num\u00e9rique, maillages, \u00e9l\u00e9ments finis, diff\u00e9rences finies, volumes finis, m\u00e9thode de Galerkin discontinue. Physique M\u00e9canique des fluides, oc\u00e9anographie physique. Informatique Analyse des instabilit\u00e9s num\u00e9riques, calcul parall\u00e8le, algorithmique, C, C++, Fortran, Python, $latex \\LaTeX$, GNU\/Linux (dont administration de serveurs). Anglais Courant, pratiqu\u00e9 depuis\u2026","rel":"","context":"Avec 2 commentaires","block_context":{"text":"Avec 2 commentaires","link":"https:\/\/le-bars.net\/yoann\/fr\/cv\/#comments"},"img":{"alt_text":"","src":"","width":0,"height":0},"classes":[]},{"id":3636,"url":"https:\/\/le-bars.net\/yoann\/fr\/politique-de-confidentialite\/","url_meta":{"origin":40,"position":1},"title":"Politique de confidentialit\u00e9","author":"Yoann Le Bars","date":"23 mai 2018","format":false,"excerpt":"Qui suis-je\u202f? Je suis un particulier, actuellement en post-doctorat \u00e0 l\u2019universit\u00e9 de Caen (consulter mon CV). L\u2019adresse de mon site Web est\u00a0: http:\/\/le-bars.net\/yoann. Utilisation des donn\u00e9es personnelles collect\u00e9es Commentaires Quand vous laissez un commentaire sur mon site web, les donn\u00e9es inscrites dans le formulaire de commentaire, mais aussi votre adresse\u2026","rel":"","context":"Article similaire","block_context":{"text":"Article similaire","link":""},"img":{"alt_text":"","src":"","width":0,"height":0},"classes":[]},{"id":1914,"url":"https:\/\/le-bars.net\/yoann\/fr\/liens\/vulgarisation\/","url_meta":{"origin":40,"position":2},"title":"Vulgarisation","author":"Yoann Le Bars","date":"23 octobre 2015","format":false,"excerpt":"Dans cette section, je vous propose des liens de vulgarisation scientifique. E-Penser\u00a0: Bruce\u00a0Benamran propose des vid\u00e9os de vulgarisations scientifiques g\u00e9n\u00e9ralistes. Voir la description. Luminesciences\u00a0: Jean-Pierre\u00a0Luminet est un astrophysicien, qui pr\u00e9sente de la vulgarisation de ses travaux, ainsi que ses activit\u00e9s culturelles, sur son blog. Voir la description. Scilabus\u00a0: Viviane\u00a0Lalande vulgarise\u2026","rel":"","context":"Article similaire","block_context":{"text":"Article similaire","link":""},"img":{"alt_text":"","src":"","width":0,"height":0},"classes":[]}],"jetpack_sharing_enabled":true,"_links":{"self":[{"href":"https:\/\/le-bars.net\/yoann\/wp-json\/wp\/v2\/pages\/40","targetHints":{"allow":["GET"]}}],"collection":[{"href":"https:\/\/le-bars.net\/yoann\/wp-json\/wp\/v2\/pages"}],"about":[{"href":"https:\/\/le-bars.net\/yoann\/wp-json\/wp\/v2\/types\/page"}],"author":[{"embeddable":true,"href":"https:\/\/le-bars.net\/yoann\/wp-json\/wp\/v2\/users\/1"}],"replies":[{"embeddable":true,"href":"https:\/\/le-bars.net\/yoann\/wp-json\/wp\/v2\/comments?post=40"}],"version-history":[{"count":43,"href":"https:\/\/le-bars.net\/yoann\/wp-json\/wp\/v2\/pages\/40\/revisions"}],"predecessor-version":[{"id":51,"href":"https:\/\/le-bars.net\/yoann\/wp-json\/wp\/v2\/pages\/40\/revisions\/51"}],"wp:attachment":[{"href":"https:\/\/le-bars.net\/yoann\/wp-json\/wp\/v2\/media?parent=40"}],"curies":[{"name":"wp","href":"https:\/\/api.w.org\/{rel}","templated":true}]}}