{"id":43,"date":"2015-04-03T19:54:42","date_gmt":"2015-04-03T17:54:42","guid":{"rendered":"http:\/\/le-bars.net\/yoann\/?page_id=43"},"modified":"2018-09-16T23:50:07","modified_gmt":"2018-09-16T21:50:07","slug":"welcome","status":"publish","type":"page","link":"https:\/\/le-bars.net\/yoann\/en\/","title":{"rendered":"Welcome!"},"content":{"rendered":"<p><a href=\"https:\/\/i0.wp.com\/le-bars.net\/yoann\/wordpress\/wp-content\/uploads\/2015\/09\/accueil2.png\"><img data-recalc-dims=\"1\" loading=\"lazy\" decoding=\"async\" src=\"https:\/\/i0.wp.com\/le-bars.net\/yoann\/wordpress\/wp-content\/uploads\/2015\/09\/accueil2-1024x431.png?resize=660%2C315\" alt=\"Sunrise in French Guyana\" width=\"660\" height=\"315\" class=\"aligncenter size-large wp-image-1545\" \/><\/a><\/p>\n<p>Because of my profession, I am to move from one country to another, living some times here, then there. At least, it opens you a wider point of view.<\/p>\n<p>Indeed, what to think about all the restlessness, when it is view from here?<\/p>\n<p>When I was a student, I was interested in applied mathematics (mainly mathematical modelling on computers) and theoretical computer science (especially what concerns calculations). Since my thesis, I applied them to physical oceanography. Specifically, I use computer to reproduce the dynamics of oceans. A strong theme on which I am working is the interaction between major rivers (the Amazon and the Congo) and the ocean. I also worked on surge episodes \u2013 that is to say, when tide and storm come together \u2013, as part of adaptation to climate change. I have also many other interests, I intend to share here!<\/p>\n<p>Therefore, this website will serve to give some exposure to my cultural activities, but especially to present my scientific work and discuss the misuse of science and mathematics. You will find here <a href=\"http:\/\/le-bars.net\/yoann\/en\/resume\/\" title=\"Resume\">my resume<\/a>, some personal creations, <a href=\"http:\/\/le-bars.net\/yoann\/en\/blog\/\" title=\"Blog\">and the inevitable blog<\/a> where the pearly delicacy of the style vies with the brilliance of the rigorous analysis \u2013 a barrel of distinguished considerations if you find from where this hilarious cultural allusion comes from (be careful, it is a French one). I wish you a good surf in here, hoping you will come over and over again. To this end, you can subscribe to email notifications from the navigation area or <a href=\"http:\/\/le-bars.net\/yoann\/en\/feed\/\" title=\"RSS feed\">to my RSS feeds<\/a>. It is easier than asking for friendship on Facebook!<\/p>\n<p>As it is a matter of publication here, it is appropriate to notify the following:<\/p>\n<ul>\n<li>Except for comments (which remain the intellectual propriety of their respective authors) and unless otherwise noted, every text and further media present on this website are the intellectual propriety of Yoann Le Bars.<\/li>\n<li>Those media are under <a href=\"http:\/\/creativecommons.org\/licenses\/by-nc-nd\/4.0\/\" title=\"Creative Commons\" target=\"_blank\">Creative Commons \u2013 Attribution-NonCommercial-NoDerivs<\/a> licence: you have the right (actually, you are encouraged) to download and share them, as long as you indicate clearly who the author is, you do not modify them, and you do not make any financial profit with them.<\/li>\n<li>If you want to modify these media and publish them under the same licence, I would be delighted, but <a href=\"http:\/\/le-bars.net\/yoann\/en\/contact-form\/\" title=\"Contact form\">I ask you to contact me<\/a>. If you want to sell them, I will be surprised, but still delighted and <a href=\"http:\/\/le-bars.net\/yoann\/en\/contact-form\/\" title=\"Contact form\">I ask you to contact me<\/a>.<\/li>\n<li>Everything that is published here represent the views and opinions of their author. No official statement from any institution or entity should be inferred.<\/li>\n<\/ul>\n<p><a href=\"http:\/\/www.cafe-sciences.org\/\" title=\"Caf\u00e9 des sciences\" target=\"_blank\"><img data-recalc-dims=\"1\" width=\"660\" decoding=\"async\" src=\"https:\/\/i0.wp.com\/www.cafe-sciences.org\/membre.png?fit=660%2C200\" height=\"200\" alt=\"Logo of the Caf\u00e9 des siences\" align=\"left\" \/><\/a> This website is member of the French association <a href=\"http:\/\/www.cafe-sciences.org\/\" title=\"Caf\u00e9 des sciences\" target=\"_blank\">Caf\u00e9 des sciences<\/a>.<\/p>\n<p>The different media of this site are deposited with <a href=\"http:\/\/www.copyrightdepot.com\/\" title=\"CopyrightDepot\" target=\"_blank\">CopyrightDepot.com<\/a> under number 00055248. By clicking on the stamp on the end of each page of this site, you will consult the <a href=\"http:\/\/www.copyrightdepot.com\/cd75\/00055248.htm\" target=\"_blank\">public declaration<\/a>.<\/p>\n","protected":false},"excerpt":{"rendered":"<p>Because of my profession, I am to move from one country to another, living some times here, then there. At least, it opens you a wider point of view. Indeed, what to think about all the restlessness, when it is view from here? When I was a student, I was interested in applied mathematics (mainly &hellip; <a href=\"https:\/\/le-bars.net\/yoann\/en\/\" class=\"more-link\">Continuer la lecture de <span class=\"screen-reader-text\">Welcome!<\/span><\/a><\/p>\n","protected":false},"author":1,"featured_media":0,"parent":0,"menu_order":0,"comment_status":"closed","ping_status":"open","template":"","meta":{"jetpack_post_was_ever_published":false,"footnotes":""},"class_list":["post-43","page","type-page","status-publish","hentry"],"yoast_head":"<!-- This site is optimized with the Yoast SEO plugin v27.1.1 - https:\/\/yoast.com\/product\/yoast-seo-wordpress\/ -->\n<title>A Vue From Here<\/title>\n<meta name=\"description\" content=\"Yoann Le Bars\u2019 homepage. My topics, science, culture, their interactions and consequences on society.\" \/>\n<meta name=\"robots\" content=\"index, follow, max-snippet:-1, max-image-preview:large, max-video-preview:-1\" \/>\n<link rel=\"canonical\" href=\"https:\/\/le-bars.net\/yoann\/en\/\" \/>\n<meta property=\"og:locale\" content=\"fr_FR\" \/>\n<meta property=\"og:type\" content=\"article\" \/>\n<meta property=\"og:title\" content=\"A Vue From Here\" \/>\n<meta property=\"og:description\" content=\"Yoann Le Bars\u2019 homepage. My topics, science, culture, their interactions and consequences on society.\" \/>\n<meta property=\"og:url\" content=\"https:\/\/le-bars.net\/yoann\/en\/\" \/>\n<meta property=\"og:site_name\" content=\"Vu d\u2019ici\" \/>\n<meta property=\"article:modified_time\" content=\"2018-09-16T21:50:07+00:00\" \/>\n<meta property=\"og:image\" content=\"http:\/\/le-bars.net\/yoann\/wordpress\/wp-content\/uploads\/2015\/09\/accueil2-1024x431.png\" \/>\n<meta name=\"twitter:card\" content=\"summary_large_image\" \/>\n<meta name=\"twitter:label1\" content=\"Dur\u00e9e de lecture estim\u00e9e\" \/>\n\t<meta name=\"twitter:data1\" content=\"2 minutes\" \/>\n<script type=\"application\/ld+json\" class=\"yoast-schema-graph\">{\"@context\":\"https:\/\/schema.org\",\"@graph\":[{\"@type\":\"WebPage\",\"@id\":\"https:\/\/le-bars.net\/yoann\/en\/\",\"url\":\"https:\/\/le-bars.net\/yoann\/en\/\",\"name\":\"A Vue From Here\",\"isPartOf\":{\"@id\":\"https:\/\/le-bars.net\/yoann\/#website\"},\"primaryImageOfPage\":{\"@id\":\"https:\/\/le-bars.net\/yoann\/en\/#primaryimage\"},\"image\":{\"@id\":\"https:\/\/le-bars.net\/yoann\/en\/#primaryimage\"},\"thumbnailUrl\":\"http:\/\/le-bars.net\/yoann\/wordpress\/wp-content\/uploads\/2015\/09\/accueil2-1024x431.png\",\"datePublished\":\"2015-04-03T17:54:42+00:00\",\"dateModified\":\"2018-09-16T21:50:07+00:00\",\"description\":\"Yoann Le Bars\u2019 homepage. My topics, science, culture, their interactions and consequences on society.\",\"breadcrumb\":{\"@id\":\"https:\/\/le-bars.net\/yoann\/en\/#breadcrumb\"},\"inLanguage\":\"fr-FR\",\"potentialAction\":[{\"@type\":\"ReadAction\",\"target\":[\"https:\/\/le-bars.net\/yoann\/en\/\"]}]},{\"@type\":\"ImageObject\",\"inLanguage\":\"fr-FR\",\"@id\":\"https:\/\/le-bars.net\/yoann\/en\/#primaryimage\",\"url\":\"http:\/\/le-bars.net\/yoann\/wordpress\/wp-content\/uploads\/2015\/09\/accueil2-1024x431.png\",\"contentUrl\":\"http:\/\/le-bars.net\/yoann\/wordpress\/wp-content\/uploads\/2015\/09\/accueil2-1024x431.png\"},{\"@type\":\"BreadcrumbList\",\"@id\":\"https:\/\/le-bars.net\/yoann\/en\/#breadcrumb\",\"itemListElement\":[{\"@type\":\"ListItem\",\"position\":1,\"name\":\"Accueil\",\"item\":\"https:\/\/le-bars.net\/yoann\/fr\/\"},{\"@type\":\"ListItem\",\"position\":2,\"name\":\"Welcome!\"}]},{\"@type\":\"WebSite\",\"@id\":\"https:\/\/le-bars.net\/yoann\/#website\",\"url\":\"https:\/\/le-bars.net\/yoann\/\",\"name\":\"Vu d\u2019ici\",\"description\":\"Pages personnelles de Yoann LE\u00a0BARS\",\"publisher\":{\"@id\":\"https:\/\/le-bars.net\/yoann\/#\/schema\/person\/90c5a2de7ad2db1184bbe140ebea1576\"},\"potentialAction\":[{\"@type\":\"SearchAction\",\"target\":{\"@type\":\"EntryPoint\",\"urlTemplate\":\"https:\/\/le-bars.net\/yoann\/?s={search_term_string}\"},\"query-input\":{\"@type\":\"PropertyValueSpecification\",\"valueRequired\":true,\"valueName\":\"search_term_string\"}}],\"inLanguage\":\"fr-FR\"},{\"@type\":[\"Person\",\"Organization\"],\"@id\":\"https:\/\/le-bars.net\/yoann\/#\/schema\/person\/90c5a2de7ad2db1184bbe140ebea1576\",\"name\":\"Yoann Le Bars\",\"image\":{\"@type\":\"ImageObject\",\"inLanguage\":\"fr-FR\",\"@id\":\"https:\/\/le-bars.net\/yoann\/#\/schema\/person\/image\/\",\"url\":\"https:\/\/i0.wp.com\/le-bars.net\/yoann\/wordpress\/wp-content\/uploads\/2020\/11\/fec731577f2c05141910be0dc3ef5bb2.jpeg?fit=80%2C80&ssl=1\",\"contentUrl\":\"https:\/\/i0.wp.com\/le-bars.net\/yoann\/wordpress\/wp-content\/uploads\/2020\/11\/fec731577f2c05141910be0dc3ef5bb2.jpeg?fit=80%2C80&ssl=1\",\"width\":80,\"height\":80,\"caption\":\"Yoann Le Bars\"},\"logo\":{\"@id\":\"https:\/\/le-bars.net\/yoann\/#\/schema\/person\/image\/\"},\"description\":\"Un enseignant-chercheur avec un peu trop de centres d\u2019int\u00e9r\u00eats pour pouvoir r\u00e9sumer\u2026\",\"sameAs\":[\"http:\/\/le-bars.net\/yoann\"]}]}<\/script>\n<!-- \/ Yoast SEO plugin. -->","yoast_head_json":{"title":"A Vue From Here","description":"Yoann Le Bars\u2019 homepage. My topics, science, culture, their interactions and consequences on society.","robots":{"index":"index","follow":"follow","max-snippet":"max-snippet:-1","max-image-preview":"max-image-preview:large","max-video-preview":"max-video-preview:-1"},"canonical":"https:\/\/le-bars.net\/yoann\/en\/","og_locale":"fr_FR","og_type":"article","og_title":"A Vue From Here","og_description":"Yoann Le Bars\u2019 homepage. My topics, science, culture, their interactions and consequences on society.","og_url":"https:\/\/le-bars.net\/yoann\/en\/","og_site_name":"Vu d\u2019ici","article_modified_time":"2018-09-16T21:50:07+00:00","og_image":[{"url":"http:\/\/le-bars.net\/yoann\/wordpress\/wp-content\/uploads\/2015\/09\/accueil2-1024x431.png","type":"","width":"","height":""}],"twitter_card":"summary_large_image","twitter_misc":{"Dur\u00e9e de lecture estim\u00e9e":"2 minutes"},"schema":{"@context":"https:\/\/schema.org","@graph":[{"@type":"WebPage","@id":"https:\/\/le-bars.net\/yoann\/en\/","url":"https:\/\/le-bars.net\/yoann\/en\/","name":"A Vue From Here","isPartOf":{"@id":"https:\/\/le-bars.net\/yoann\/#website"},"primaryImageOfPage":{"@id":"https:\/\/le-bars.net\/yoann\/en\/#primaryimage"},"image":{"@id":"https:\/\/le-bars.net\/yoann\/en\/#primaryimage"},"thumbnailUrl":"http:\/\/le-bars.net\/yoann\/wordpress\/wp-content\/uploads\/2015\/09\/accueil2-1024x431.png","datePublished":"2015-04-03T17:54:42+00:00","dateModified":"2018-09-16T21:50:07+00:00","description":"Yoann Le Bars\u2019 homepage. My topics, science, culture, their interactions and consequences on society.","breadcrumb":{"@id":"https:\/\/le-bars.net\/yoann\/en\/#breadcrumb"},"inLanguage":"fr-FR","potentialAction":[{"@type":"ReadAction","target":["https:\/\/le-bars.net\/yoann\/en\/"]}]},{"@type":"ImageObject","inLanguage":"fr-FR","@id":"https:\/\/le-bars.net\/yoann\/en\/#primaryimage","url":"http:\/\/le-bars.net\/yoann\/wordpress\/wp-content\/uploads\/2015\/09\/accueil2-1024x431.png","contentUrl":"http:\/\/le-bars.net\/yoann\/wordpress\/wp-content\/uploads\/2015\/09\/accueil2-1024x431.png"},{"@type":"BreadcrumbList","@id":"https:\/\/le-bars.net\/yoann\/en\/#breadcrumb","itemListElement":[{"@type":"ListItem","position":1,"name":"Accueil","item":"https:\/\/le-bars.net\/yoann\/fr\/"},{"@type":"ListItem","position":2,"name":"Welcome!"}]},{"@type":"WebSite","@id":"https:\/\/le-bars.net\/yoann\/#website","url":"https:\/\/le-bars.net\/yoann\/","name":"Vu d\u2019ici","description":"Pages personnelles de Yoann LE\u00a0BARS","publisher":{"@id":"https:\/\/le-bars.net\/yoann\/#\/schema\/person\/90c5a2de7ad2db1184bbe140ebea1576"},"potentialAction":[{"@type":"SearchAction","target":{"@type":"EntryPoint","urlTemplate":"https:\/\/le-bars.net\/yoann\/?s={search_term_string}"},"query-input":{"@type":"PropertyValueSpecification","valueRequired":true,"valueName":"search_term_string"}}],"inLanguage":"fr-FR"},{"@type":["Person","Organization"],"@id":"https:\/\/le-bars.net\/yoann\/#\/schema\/person\/90c5a2de7ad2db1184bbe140ebea1576","name":"Yoann Le Bars","image":{"@type":"ImageObject","inLanguage":"fr-FR","@id":"https:\/\/le-bars.net\/yoann\/#\/schema\/person\/image\/","url":"https:\/\/i0.wp.com\/le-bars.net\/yoann\/wordpress\/wp-content\/uploads\/2020\/11\/fec731577f2c05141910be0dc3ef5bb2.jpeg?fit=80%2C80&ssl=1","contentUrl":"https:\/\/i0.wp.com\/le-bars.net\/yoann\/wordpress\/wp-content\/uploads\/2020\/11\/fec731577f2c05141910be0dc3ef5bb2.jpeg?fit=80%2C80&ssl=1","width":80,"height":80,"caption":"Yoann Le Bars"},"logo":{"@id":"https:\/\/le-bars.net\/yoann\/#\/schema\/person\/image\/"},"description":"Un enseignant-chercheur avec un peu trop de centres d\u2019int\u00e9r\u00eats pour pouvoir r\u00e9sumer\u2026","sameAs":["http:\/\/le-bars.net\/yoann"]}]}},"jetpack_shortlink":"https:\/\/wp.me\/P61hos-H","jetpack-related-posts":[{"id":3651,"url":"https:\/\/le-bars.net\/yoann\/en\/privacy-policy\/","url_meta":{"origin":43,"position":0},"title":"Privacy Policy","author":"Yoann Le Bars","date":"23 mai 2018","format":false,"excerpt":"Who am I? I am an individual, currently a post-doctorate at the University of Caen (see my resume). My website address is: http:\/\/le-bars.net\/yoann. Use of collected personal data Comments When you leave a comment on my website, the data entered in the comment form, but also your IP address and\u2026","rel":"","context":"Article similaire","block_context":{"text":"Article similaire","link":""},"img":{"alt_text":"","src":"","width":0,"height":0},"classes":[]},{"id":90,"url":"https:\/\/le-bars.net\/yoann\/en\/resume\/","url_meta":{"origin":43,"position":1},"title":"Resume","author":"Yoann Le Bars","date":"7 avril 2015","format":false,"excerpt":"Yoann Le Bars Numerical analyst Skills Mathematics Functional analysis, numerical analysis, meshes, finite elements, finite differences, finite volumes, discontinuous-Galerkin\u2019s method. Physics Fluid mechanics, physical oceanography. Computer science Analysis of numerical instabilities, parallel computing, algorithms, C, C++, Fortran, Python, $latex \\LaTeX$, gnu\/Linux (including administration of servers). French Native speaker. French citizen.\u2026","rel":"","context":"Avec 2 commentaires","block_context":{"text":"Avec 2 commentaires","link":"https:\/\/le-bars.net\/yoann\/en\/resume\/#comments"},"img":{"alt_text":"","src":"","width":0,"height":0},"classes":[]},{"id":1916,"url":"https:\/\/le-bars.net\/yoann\/en\/links\/","url_meta":{"origin":43,"position":2},"title":"Links","author":"Yoann Le Bars","date":"22 octobre 2015","format":false,"excerpt":"In this section, you will found a selection of links I consider interesting. They are thematically gathered into several sections. As I do not want to give a simple list of links, for each item I make a presentation and put a reference to this description. Sections Scientific popularisation Culture","rel":"","context":"Article similaire","block_context":{"text":"Article similaire","link":""},"img":{"alt_text":"","src":"","width":0,"height":0},"classes":[]},{"id":1930,"url":"https:\/\/le-bars.net\/yoann\/en\/links\/scientific-popularisation\/","url_meta":{"origin":43,"position":3},"title":"Scientific popularisation","author":"Yoann Le Bars","date":"23 octobre 2015","format":false,"excerpt":"This section is gathering links on scientific popularisation. E-Luminesciences: Jean-Pierre Luminet is an astrophysicist, who present popularisation of his works, as well as his cultural activities, on his blog. See description. E-Penser: Bruce Benamran offers videos of general scientific popularisation. See description. Scilabus: Vivianne Lalande popularises experimental sciences on her\u2026","rel":"","context":"Article similaire","block_context":{"text":"Article similaire","link":""},"img":{"alt_text":"","src":"","width":0,"height":0},"classes":[]}],"jetpack_sharing_enabled":true,"_links":{"self":[{"href":"https:\/\/le-bars.net\/yoann\/wp-json\/wp\/v2\/pages\/43","targetHints":{"allow":["GET"]}}],"collection":[{"href":"https:\/\/le-bars.net\/yoann\/wp-json\/wp\/v2\/pages"}],"about":[{"href":"https:\/\/le-bars.net\/yoann\/wp-json\/wp\/v2\/types\/page"}],"author":[{"embeddable":true,"href":"https:\/\/le-bars.net\/yoann\/wp-json\/wp\/v2\/users\/1"}],"replies":[{"embeddable":true,"href":"https:\/\/le-bars.net\/yoann\/wp-json\/wp\/v2\/comments?post=43"}],"version-history":[{"count":21,"href":"https:\/\/le-bars.net\/yoann\/wp-json\/wp\/v2\/pages\/43\/revisions"}],"predecessor-version":[{"id":3704,"href":"https:\/\/le-bars.net\/yoann\/wp-json\/wp\/v2\/pages\/43\/revisions\/3704"}],"wp:attachment":[{"href":"https:\/\/le-bars.net\/yoann\/wp-json\/wp\/v2\/media?parent=43"}],"curies":[{"name":"wp","href":"https:\/\/api.w.org\/{rel}","templated":true}]}}