{"id":81,"date":"2015-04-07T00:57:42","date_gmt":"2015-04-06T22:57:42","guid":{"rendered":"http:\/\/le-bars.net\/yoann\/?page_id=81"},"modified":"2026-03-09T20:42:36","modified_gmt":"2026-03-09T18:42:36","slug":"cv","status":"publish","type":"page","link":"https:\/\/le-bars.net\/yoann\/fr\/cv\/","title":{"rendered":"CV"},"content":{"rendered":"<p>Yoann\u00a0<span style=\"font-variant: small-caps;\">Le\u00a0Bars<\/span><\/p>\n<p><em>Num\u00e9ricien<\/em><\/p>\n<h2>Domaines de comp\u00e9tences<\/h2>\n<h4>Math\u00e9matiques<\/h4>\n<p>Analyse fonctionnelle, analyse num\u00e9rique, maillages, \u00e9l\u00e9ments finis, diff\u00e9rences finies, volumes finis, m\u00e9thode de <span style=\"font-variant: small-caps;\">Galerkin<\/span> discontinue.<\/p>\n<h4>Physique<\/h4>\n<p>M\u00e9canique des fluides, oc\u00e9anographie physique.<\/p>\n<h4>Informatique<\/h4>\n<p>Analyse des instabilit\u00e9s num\u00e9riques, calcul parall\u00e8le, algorithmique, C, C++, Fortran, Python, <img decoding=\"async\" src=\"https:\/\/s0.wp.com\/latex.php?latex=%5CLaTeX&#038;bg=ffffff&#038;fg=000&#038;s=0&#038;c=20201002\" alt=\"&#92;LaTeX\" class=\"latex\" \/>, GNU\/Linux (dont administration de serveurs).<\/p>\n<h4>Anglais<\/h4>\n<p>Courant, pratiqu\u00e9 depuis 18 ans.<\/p>\n<p>S\u00e9jours au Royaume-Uni et aux \u00c9tats-Unis, dont un post-doctorat. TOEFL iBT\u00a0: 92\/120 (en 2007).<\/p>\n<p>TOEIC\u00a0: 870\/1 000 (en 2008).<\/p>\n<h4>Allemand<\/h4>\n<p>Niveau scolaire, pratiqu\u00e9 depuis 20 ans.<\/p>\n<p>S\u00e9jours en Allemagne dont un d\u2019un mois en tant qu\u2019\u00e9l\u00e8ve dans un lyc\u00e9e.<\/p>\n<h2>Dipl\u00f4mes<\/h2>\n<h4>2006 \u2013 2010<\/h4>\n<p>Doctorat, <a title=\"Universit\u00e9 Paul\u00a0SABATIER\" href=\"http:\/\/www.univ-tlse3.fr\/\" target=\"_blank\" rel=\"noopener\">Universit\u00e9 Paul Sabatier<\/a>, Toulouse, oc\u00e9anographie physique.<\/p>\n<p>Mod\u00e9lisation de la dynamique oc\u00e9anique barotrope dans l\u2019estuaire et le plateau amazoniens.<\/p>\n<h4>2004 \u2013 2005<\/h4>\n<p>Master, <a title=\"Universit\u00e9 Paris-Sorbonne\" href=\"https:\/\/www.sorbonne-universite.fr\/\" target=\"_blank\" rel=\"noopener\">Universit\u00e9 Pierre et Marie Curie<\/a> (Paris\u00a06) \u2013 <a title=\"\u00c9cole normale sup\u00e9rieure\" href=\"http:\/\/www.ens.fr\/\" target=\"_blank\" rel=\"noopener\">\u00c9cole normale sup\u00e9rieure<\/a> \u2013 <a title=\"\u00c9cole polytechnique\" href=\"https:\/\/www.polytechnique.edu\/\" target=\"_blank\" rel=\"noopener\">\u00c9cole polytechnique<\/a> \u2013 <a title=\"\u00c9cole des ponts\" href=\"http:\/\/www.enpc.fr\/\" target=\"_blank\" rel=\"noopener\">\u00c9cole des ponts<\/a>, Paris.<\/p>\n<p>Math\u00e9matiques appliqu\u00e9es, mention math\u00e9matiques de la mod\u00e9lisation, sp\u00e9cialit\u00e9 math\u00e9matiques et informatique.<\/p>\n<h2>Exp\u00e9riences professionnelles<\/h2>\n<h3>Exp\u00e9riences de recherche<\/h3>\n<h4>Depuis juillet 2023<\/h4>\n<p><a href=\"https:\/\/www.eig.fr\/\" target=\"_blank\" rel=\"noopener\">EIG<\/a><\/p>\n<p>Charg\u00e9 de recherche en intelligence artificielle.<\/p>\n<h4>Mars 2018 \u2013 f\u00e9vrier 2019<\/h4>\n<p>Post-doctorant, <a title=\"CNRS\" href=\"http:\/\/www.cnrs.fr\/\" target=\"_blank\" rel=\"noopener\">CNRS<\/a> \u2013 <a title=\"Universit\u00e9 de Caen\" href=\"http:\/\/www.unicaen.fr\/\" target=\"_blank\" rel=\"noopener\">Universit\u00e9 de Caen<\/a>, Caen \u2013 France, <a title=\"M2C\" href=\"http:\/\/www.unicaen.fr\/m2c\/\" target=\"_blank\" rel=\"noopener\">M2C<\/a>, dans l\u2019\u00e9quipe d\u2019<a title=\"Anne-Claire Bennis\" href=\"https:\/\/sites.google.com\/site\/anneclairebennis\/\" target=\"_blank\" rel=\"noopener\">Anne-Claire\u00a0<span style=\"font-variant: small-caps;\">Bennis<\/span><\/a>.<\/p>\n<p>Mod\u00e9lisation des \u00e9tats de mer en interaction avec les fleuves.<\/p>\n<h4>Juin 2013 \u2013 juin 2015<\/h4>\n<p>Post-doctorat, <a title=\"IMMC\" href=\"https:\/\/uclouvain.be\/en\/research-institutes\/immc\" target=\"_blank\" rel=\"noopener\">Institute of mechanics, materials, and civil engineering<\/a>, Louvain-la-neuve, Belgique, <a title=\"Universit\u00e9 catholique de Louvain\" href=\"https:\/\/uclouvain.be\/fr\/index.html\" target=\"_blank\" rel=\"noopener\">Universit\u00e9 catholique de Louvain<\/a>, dans l\u2019\u00e9quipe d\u2019<a title=\"\u00c9ric\u00a0Deleersnijder\" href=\"http:\/\/perso.uclouvain.be\/eric.deleersnijder\/cms\/\" target=\"_blank\" rel=\"noopener\">\u00c9ric\u00a0<span style=\"font-variant: small-caps;\">Deleersnijder<\/span><\/a>.<\/p>\n<p>R\u00e9alisation d\u2019un mod\u00e8le 3D de l\u2019estuaire du Congo et de l\u2019oc\u00e9an avoisinant.<\/p>\n<h4>Juin 2011 \u2013 juin 2012<\/h4>\n<p>Post-doctorat, <a title=\"Laboratoire d\u2019hydraulique Saint-Venant\" href=\"http:\/\/www.enpc.fr\/laboratoire-d-hydraulique-saint-venant\" target=\"_blank\" rel=\"noopener\">Laboratoire d\u2019hydraulique Saint-Venant<\/a>, Chatou, <a title=\"\u00c9cole des ponts Paritech\" href=\"http:\/\/www.enpc.fr\/\" target=\"_blank\" rel=\"noopener\">\u00c9cole des ponts Paristech<\/a> \u2013 CETMEF \u2013 <a title=\"EDF\" href=\"https:\/\/www.edf.fr\/\" target=\"_blank\" rel=\"noopener\">EDF R&amp;D<\/a>, dans l\u2019\u00e9quipe de <a title=\"Michel\u00a0Benoit\" href=\"https:\/\/www.irphe.fr\/?q=fr\/users\/benoit-michel\" target=\"_blank\" rel=\"noopener\">Michel\u00a0<span style=\"font-variant: small-caps;\">Benoit<\/span><\/a>.<\/p>\n<p>R\u00e9alisation d\u2019un mod\u00e8le de surcote de la fa\u00e7ade atlantique fran\u00e7aise dans le cadre de la prospective sur le changement climatique.<\/p>\n<h4>Ao\u00fbt 2010 \u2013 mars 2011<\/h4>\n<p>Post-doctorat, <a title=\"Naval Research Laboratory\" href=\"https:\/\/www.nrl.navy.mil\/\" target=\"_blank\" rel=\"noopener\">Naval Research Laboratory<\/a>, <a title=\"Stennis Space Center\" href=\"https:\/\/www.nasa.gov\/centers\/stennis\/home\/index.html\" target=\"_blank\" rel=\"noopener\">Stennis Space Center<\/a> (<a title=\"NASA\" href=\"https:\/\/www.nasa.gov\/centers\/stennis\/home\/index.html\" target=\"_blank\" rel=\"noopener\">NASA<\/a>), <a title=\"University of Southern Mississippi\" href=\"https:\/\/home.usm.edu\/\" target=\"_blank\" rel=\"noopener\">University of Southern Mississippi<\/a> \u2013 US Navy, dans l\u2019\u00e9quipe de <a title=\"Cheryl\u00a0Ann\u00a0Blain\" href=\"http:\/\/www.bu.edu\/pasi-tsunami\/people\/cheryl-ann-blain\/\" target=\"_blank\" rel=\"noopener\">Cheryl\u00a0Ann\u00a0<span style=\"font-variant: small-caps;\">Blain<\/span><\/a>.<\/p>\n<p>Participation \u00e0 l\u2019\u00e9laboration d\u2019un mod\u00e8le des c\u00f4tes de la Virginie.<\/p>\n<h4>Novembre 2006 \u2013 mai 2010<\/h4>\n<p>Th\u00e8se, <a title=\"LEGOS\" href=\"http:\/\/www.legos.obs-mip.fr\/\" target=\"_blank\" rel=\"noopener\">LEGOS<\/a>, Toulouse, <a title=\"CNRS\" href=\"http:\/\/www.cnrs.fr\/\" target=\"_blank\" rel=\"noopener\">CNRS<\/a> \u2013 <a title=\"CNES\" href=\"https:\/\/cnes.fr\/fr\" target=\"_blank\" rel=\"noopener\">CNES<\/a> \u2013 <a title=\"Universit\u00e9 Paul\u00a0SABATIER\" href=\"http:\/\/www.univ-tlse3.fr\/\" target=\"_blank\" rel=\"noopener\">Universit\u00e9 Paul Sabatier<\/a>, sous la direction de <a title=\"Florent Lyard\" href=\"http:\/\/www.legos.obs-mip.fr\/lyard\" target=\"_blank\" rel=\"noopener\">Florent <span style=\"font-variant: small-caps;\">Lyard<\/span><\/a>.<\/p>\n<p>2010 Participation \u00e0 la mise au point d\u2019un mod\u00e8le sur grilles non structur\u00e9es \u00e0 \u00e9l\u00e9ments mixtes, application \u00e0 l\u2019\u00e9tude des mar\u00e9es.<\/p>\n<h3>Enseignement et animation<\/h3>\n<h4>Septembre 2016 \u2013 Juin 2017<\/h4>\n<p>Enseignement, <a title=\"EISTI\" href=\"https:\/\/eisti.fr\/\" target=\"_blank\" rel=\"noopener\">EISTI<\/a>, Cergy, de la deuxi\u00e8me ann\u00e9e de cycle pr\u00e9paratoire (deuxi\u00e8me ann\u00e9e de licence) \u00e0 la deuxi\u00e8me ann\u00e9e de cycle ing\u00e9nieur (premi\u00e8re ann\u00e9e de master).<\/p>\n<p>Cours magistraux et travaux dirig\u00e9s en analyse probabilit\u00e9, analyse fonctionnelle, optimisation et th\u00e9orie des graphes. Certains de ces cours sont donn\u00e9s en anglais.<\/p>\n<h4>2013 \u2013 2015<\/h4>\n<p>Enseignement, <a title=\"\u00c9cole polytechnique de Louvain\" href=\"https:\/\/uclouvain.be\/fr\/facultes\/epl\" target=\"_blank\" rel=\"noopener\">\u00c9cole polytechnique de Louvain<\/a>, Louvain-la-neuve, deuxi\u00e8me ann\u00e9e d\u2019\u00e9cole d\u2019ing\u00e9nieur.<\/p>\n<p>Travaux dirig\u00e9s de math\u00e9matiques (initiation aux m\u00e9thodes d\u2019analyse num\u00e9rique et \u00e0 l\u2019analyse complexe).<\/p>\n<h4>2011 \u2013 2013<\/h4>\n<p>Enseignement, <a title=\"\u00c9cole des ponts Paritech\" href=\"http:\/\/www.enpc.fr\/\" target=\"_blank\" rel=\"noopener\">\u00c9cole des ponts Paristech<\/a>, Champs-sur-Marne, premi\u00e8re ann\u00e9e d\u2019\u00e9cole d\u2019ing\u00e9nieur.<\/p>\n<p>Cours et travaux pratiques d\u2019initiation \u00e0 la programmation en C++ et \u00e0 l\u2019algorithmique.<\/p>\n<h4>1999, 2000 et 2001<\/h4>\n<p>Tournoi national de jeux de simulation, association <a title=\"Les Forgerons de l\u2019\u00e9p\u00e9e\" href=\"http:\/\/selenim.free.fr\/\" target=\"_blank\" rel=\"noopener\">Les Forgerons de l\u2019\u00e9p\u00e9e<\/a>, Bouff\u00e9mont, pr\u00e9sident de l\u2019association.<\/p>\n<p>Principal organisateur.<\/p>\n<h4>1999<\/h4>\n<p>Tuteur en math\u00e9matiques et en physique, <a title=\"Universit\u00e9 Paris-Sorbonne\" href=\"https:\/\/www.sorbonne-universite.fr\/\" target=\"_blank\" rel=\"noopener\">Universit\u00e9 Pierre et Marie Curie<\/a>, Paris, stage de pr\u00e9-rentr\u00e9e en premi\u00e8re ann\u00e9e de DEUG.<\/p>\n<p>Travaux dirig\u00e9s.<\/p>\n<h4>1998 \u2013 2000<\/h4>\n<p>Animateur, <a title=\"R\u00eaves de jeux\" href=\"http:\/\/www.revesdejeux.com\/rdj\/index.php\" target=\"_blank\" rel=\"noopener\">R\u00eaves de jeux<\/a>, La Vern\u00e9e, Centre de vacances d\u2019\u00e9t\u00e9.<\/p>\n<p>Centre de vacances sp\u00e9cialis\u00e9 dans l\u2019\u00e9ducation par le jeu (titulaire du BAFA).<\/p>\n<h3>Exp\u00e9riences niveau ing\u00e9nieur<\/h3>\n<h4>Juin 2021 \u2013 juin 2022<\/h4>\n<p><a href=\"https:\/\/www.eig.fr\/\" target=\"_blank\" rel=\"noopener\">EIG<\/a><\/p>\n<p>Charg\u00e9 de projet informatique.<\/p>\n<h4>Juin 2017 \u2013 D\u00e9cembre 2017<\/h4>\n<p><a title=\"CS Communication\" href=\"https:\/\/www.c-s.fr\/\" target=\"_blank\" rel=\"noopener\">CS Communication<\/a><\/p>\n<p>D\u00e9veloppeur de solutions informatiques.<\/p>\n<h4>F\u00e9vrier 2005 \u2013 juin 2005<\/h4>\n<p>Stage de deuxi\u00e8me ann\u00e9e de master, <a title=\"LIP6\" href=\"https:\/\/www.lip6.fr\/\" target=\"_blank\" rel=\"noopener\">Laboratoire d\u2019informatique de Paris 6<\/a>, <a title=\"Universit\u00e9 Paris-Sorbonne\" href=\"https:\/\/www.sorbonne-universite.fr\/\" target=\"_blank\" rel=\"noopener\">Universit\u00e9 Pierre et Marie <span style=\"font-variant: small-caps;\">Curie<\/span><\/a> \u2013 <a title=\"CNRS\" href=\"http:\/\/www.cnrs.fr\/\" target=\"_blank\" rel=\"noopener\">CNRS<\/a>.<\/p>\n<p>Impl\u00e9mentation de la m\u00e9thode CESTAC dans la biblioth\u00e8que BLAS : d\u00e9tection des instabilit\u00e9s num\u00e9riques dans les logiciels de calculs scientifiques par une approche stochastique.<\/p>\n<h4>Juin 2003 \u2013 ao\u00fbt 2003<\/h4>\n<p>Stage, <a title=\"CEA\" href=\"http:\/\/www.cea.fr\/\" target=\"_blank\" rel=\"noopener\">CEA<\/a>, Plateau de Saclay.<\/p>\n<p>Mise au point du syst\u00e8me de r\u00e9f\u00e9rence de l\u2019acc\u00e9l\u00e9rateur \u00e0 particules ATLAS MUON\u00a0: analyse de signal et corr\u00e9lation par la m\u00e9thode des moindres carr\u00e9s, \u00e9valuation de la configuration spatiale.<\/p>\n<h2>Loisirs privil\u00e9gi\u00e9s<\/h2>\n<h4>Musique<\/h4>\n<p>Guitare et saxophone, classique et jazz en \u00e9cole de musique depuis 22 ans, fondateur d\u2019un quartet.<\/p>\n<h4>Peinture<\/h4>\n<p>Dix ans dans une \u00e9cole d\u2019arts.<\/p>\n<h4>Escrime<\/h4>\n<p>Pratique en club depuis 12 ans, moniteur d\u2019escrime. Champion de France d\u2019escrime artistique 2002, vice-champion de France d\u2019escrime artistique 2004, participation au championnat du monde d\u2019escrime artistique de 2004, vice-champion du monde d\u2019escrime artistique 2008, quatri\u00e8me aux championnats du monde d\u2019escrime artistique de 2012. Cr\u00e9ation mise en sc\u00e8ne et participations \u00e0 des spectacles vivants, participations \u00e0 des spectacles de pr\u00e9stige (p.\u00a0ex. Les Nuits de Versailles mis en sc\u00e8ne par Bartabas) et participations \u00e0 des tournages cin\u00e9matographiques et de t\u00e9l\u00e9vision.<\/p>\n<h4>Cultures de l\u2019imaginaire<\/h4>\n<p>Membre actif de l\u2019association Chasseurs de r\u00eaves, r\u00e9daction d\u2019article pour la revue \u00e9dit\u00e9e par l\u2019association et organisation de d\u2019expositions.<\/p>\n","protected":false},"excerpt":{"rendered":"<p>Yoann\u00a0Le\u00a0Bars Num\u00e9ricien Domaines de comp\u00e9tences Math\u00e9matiques Analyse fonctionnelle, analyse num\u00e9rique, maillages, \u00e9l\u00e9ments finis, diff\u00e9rences finies, volumes finis, m\u00e9thode de Galerkin discontinue. Physique M\u00e9canique des fluides, oc\u00e9anographie physique. Informatique Analyse des instabilit\u00e9s num\u00e9riques, calcul parall\u00e8le, algorithmique, C, C++, Fortran, Python, , GNU\/Linux (dont administration de serveurs). Anglais Courant, pratiqu\u00e9 depuis 18 ans. S\u00e9jours au Royaume-Uni et &hellip; <a href=\"https:\/\/le-bars.net\/yoann\/fr\/cv\/\" class=\"more-link\">Continuer la lecture de <span class=\"screen-reader-text\">CV<\/span><\/a><\/p>\n","protected":false},"author":1,"featured_media":0,"parent":0,"menu_order":0,"comment_status":"closed","ping_status":"open","template":"","meta":{"jetpack_post_was_ever_published":false,"footnotes":""},"class_list":["post-81","page","type-page","status-publish","hentry"],"yoast_head":"<!-- This site is optimized with the Yoast SEO plugin v27.1.1 - https:\/\/yoast.com\/product\/yoast-seo-wordpress\/ -->\n<title>CV &#8211; Vu d\u2019ici<\/title>\n<meta name=\"description\" content=\"CV de Yoann LE BARS.\" \/>\n<meta name=\"robots\" content=\"index, follow, max-snippet:-1, max-image-preview:large, max-video-preview:-1\" \/>\n<link rel=\"canonical\" href=\"https:\/\/le-bars.net\/yoann\/fr\/cv\/\" \/>\n<meta property=\"og:locale\" content=\"fr_FR\" \/>\n<meta property=\"og:type\" content=\"article\" \/>\n<meta property=\"og:title\" content=\"CV &#8211; Vu d\u2019ici\" \/>\n<meta property=\"og:description\" content=\"CV de Yoann LE BARS.\" \/>\n<meta property=\"og:url\" content=\"https:\/\/le-bars.net\/yoann\/fr\/cv\/\" \/>\n<meta property=\"og:site_name\" content=\"Vu d\u2019ici\" \/>\n<meta property=\"article:modified_time\" content=\"2026-03-09T18:42:36+00:00\" \/>\n<meta name=\"twitter:card\" content=\"summary_large_image\" \/>\n<meta name=\"twitter:label1\" content=\"Dur\u00e9e de lecture estim\u00e9e\" \/>\n\t<meta name=\"twitter:data1\" content=\"4 minutes\" \/>\n<script type=\"application\/ld+json\" class=\"yoast-schema-graph\">{\"@context\":\"https:\/\/schema.org\",\"@graph\":[{\"@type\":\"WebPage\",\"@id\":\"https:\/\/le-bars.net\/yoann\/fr\/cv\/\",\"url\":\"https:\/\/le-bars.net\/yoann\/fr\/cv\/\",\"name\":\"CV &#8211; Vu d\u2019ici\",\"isPartOf\":{\"@id\":\"https:\/\/le-bars.net\/yoann\/#website\"},\"datePublished\":\"2015-04-06T22:57:42+00:00\",\"dateModified\":\"2026-03-09T18:42:36+00:00\",\"description\":\"CV de Yoann LE BARS.\",\"breadcrumb\":{\"@id\":\"https:\/\/le-bars.net\/yoann\/fr\/cv\/#breadcrumb\"},\"inLanguage\":\"fr-FR\",\"potentialAction\":[{\"@type\":\"ReadAction\",\"target\":[\"https:\/\/le-bars.net\/yoann\/fr\/cv\/\"]}]},{\"@type\":\"BreadcrumbList\",\"@id\":\"https:\/\/le-bars.net\/yoann\/fr\/cv\/#breadcrumb\",\"itemListElement\":[{\"@type\":\"ListItem\",\"position\":1,\"name\":\"Accueil\",\"item\":\"https:\/\/le-bars.net\/yoann\/fr\/\"},{\"@type\":\"ListItem\",\"position\":2,\"name\":\"CV\"}]},{\"@type\":\"WebSite\",\"@id\":\"https:\/\/le-bars.net\/yoann\/#website\",\"url\":\"https:\/\/le-bars.net\/yoann\/\",\"name\":\"Vu d\u2019ici\",\"description\":\"Pages personnelles de Yoann LE\u00a0BARS\",\"publisher\":{\"@id\":\"https:\/\/le-bars.net\/yoann\/#\/schema\/person\/90c5a2de7ad2db1184bbe140ebea1576\"},\"potentialAction\":[{\"@type\":\"SearchAction\",\"target\":{\"@type\":\"EntryPoint\",\"urlTemplate\":\"https:\/\/le-bars.net\/yoann\/?s={search_term_string}\"},\"query-input\":{\"@type\":\"PropertyValueSpecification\",\"valueRequired\":true,\"valueName\":\"search_term_string\"}}],\"inLanguage\":\"fr-FR\"},{\"@type\":[\"Person\",\"Organization\"],\"@id\":\"https:\/\/le-bars.net\/yoann\/#\/schema\/person\/90c5a2de7ad2db1184bbe140ebea1576\",\"name\":\"Yoann Le Bars\",\"image\":{\"@type\":\"ImageObject\",\"inLanguage\":\"fr-FR\",\"@id\":\"https:\/\/le-bars.net\/yoann\/#\/schema\/person\/image\/\",\"url\":\"https:\/\/i0.wp.com\/le-bars.net\/yoann\/wordpress\/wp-content\/uploads\/2020\/11\/fec731577f2c05141910be0dc3ef5bb2.jpeg?fit=80%2C80&ssl=1\",\"contentUrl\":\"https:\/\/i0.wp.com\/le-bars.net\/yoann\/wordpress\/wp-content\/uploads\/2020\/11\/fec731577f2c05141910be0dc3ef5bb2.jpeg?fit=80%2C80&ssl=1\",\"width\":80,\"height\":80,\"caption\":\"Yoann Le Bars\"},\"logo\":{\"@id\":\"https:\/\/le-bars.net\/yoann\/#\/schema\/person\/image\/\"},\"description\":\"Un enseignant-chercheur avec un peu trop de centres d\u2019int\u00e9r\u00eats pour pouvoir r\u00e9sumer\u2026\",\"sameAs\":[\"http:\/\/le-bars.net\/yoann\"]}]}<\/script>\n<!-- \/ Yoast SEO plugin. -->","yoast_head_json":{"title":"CV &#8211; Vu d\u2019ici","description":"CV de Yoann LE BARS.","robots":{"index":"index","follow":"follow","max-snippet":"max-snippet:-1","max-image-preview":"max-image-preview:large","max-video-preview":"max-video-preview:-1"},"canonical":"https:\/\/le-bars.net\/yoann\/fr\/cv\/","og_locale":"fr_FR","og_type":"article","og_title":"CV &#8211; Vu d\u2019ici","og_description":"CV de Yoann LE BARS.","og_url":"https:\/\/le-bars.net\/yoann\/fr\/cv\/","og_site_name":"Vu d\u2019ici","article_modified_time":"2026-03-09T18:42:36+00:00","twitter_card":"summary_large_image","twitter_misc":{"Dur\u00e9e de lecture estim\u00e9e":"4 minutes"},"schema":{"@context":"https:\/\/schema.org","@graph":[{"@type":"WebPage","@id":"https:\/\/le-bars.net\/yoann\/fr\/cv\/","url":"https:\/\/le-bars.net\/yoann\/fr\/cv\/","name":"CV &#8211; Vu d\u2019ici","isPartOf":{"@id":"https:\/\/le-bars.net\/yoann\/#website"},"datePublished":"2015-04-06T22:57:42+00:00","dateModified":"2026-03-09T18:42:36+00:00","description":"CV de Yoann LE BARS.","breadcrumb":{"@id":"https:\/\/le-bars.net\/yoann\/fr\/cv\/#breadcrumb"},"inLanguage":"fr-FR","potentialAction":[{"@type":"ReadAction","target":["https:\/\/le-bars.net\/yoann\/fr\/cv\/"]}]},{"@type":"BreadcrumbList","@id":"https:\/\/le-bars.net\/yoann\/fr\/cv\/#breadcrumb","itemListElement":[{"@type":"ListItem","position":1,"name":"Accueil","item":"https:\/\/le-bars.net\/yoann\/fr\/"},{"@type":"ListItem","position":2,"name":"CV"}]},{"@type":"WebSite","@id":"https:\/\/le-bars.net\/yoann\/#website","url":"https:\/\/le-bars.net\/yoann\/","name":"Vu d\u2019ici","description":"Pages personnelles de Yoann LE\u00a0BARS","publisher":{"@id":"https:\/\/le-bars.net\/yoann\/#\/schema\/person\/90c5a2de7ad2db1184bbe140ebea1576"},"potentialAction":[{"@type":"SearchAction","target":{"@type":"EntryPoint","urlTemplate":"https:\/\/le-bars.net\/yoann\/?s={search_term_string}"},"query-input":{"@type":"PropertyValueSpecification","valueRequired":true,"valueName":"search_term_string"}}],"inLanguage":"fr-FR"},{"@type":["Person","Organization"],"@id":"https:\/\/le-bars.net\/yoann\/#\/schema\/person\/90c5a2de7ad2db1184bbe140ebea1576","name":"Yoann Le Bars","image":{"@type":"ImageObject","inLanguage":"fr-FR","@id":"https:\/\/le-bars.net\/yoann\/#\/schema\/person\/image\/","url":"https:\/\/i0.wp.com\/le-bars.net\/yoann\/wordpress\/wp-content\/uploads\/2020\/11\/fec731577f2c05141910be0dc3ef5bb2.jpeg?fit=80%2C80&ssl=1","contentUrl":"https:\/\/i0.wp.com\/le-bars.net\/yoann\/wordpress\/wp-content\/uploads\/2020\/11\/fec731577f2c05141910be0dc3ef5bb2.jpeg?fit=80%2C80&ssl=1","width":80,"height":80,"caption":"Yoann Le Bars"},"logo":{"@id":"https:\/\/le-bars.net\/yoann\/#\/schema\/person\/image\/"},"description":"Un enseignant-chercheur avec un peu trop de centres d\u2019int\u00e9r\u00eats pour pouvoir r\u00e9sumer\u2026","sameAs":["http:\/\/le-bars.net\/yoann"]}]}},"jetpack_shortlink":"https:\/\/wp.me\/P61hos-1j","jetpack-related-posts":[{"id":3636,"url":"https:\/\/le-bars.net\/yoann\/fr\/politique-de-confidentialite\/","url_meta":{"origin":81,"position":0},"title":"Politique de confidentialit\u00e9","author":"Yoann Le Bars","date":"23 mai 2018","format":false,"excerpt":"Qui suis-je\u202f? Je suis un particulier, actuellement en post-doctorat \u00e0 l\u2019universit\u00e9 de Caen (consulter mon CV). L\u2019adresse de mon site Web est\u00a0: http:\/\/le-bars.net\/yoann. Utilisation des donn\u00e9es personnelles collect\u00e9es Commentaires Quand vous laissez un commentaire sur mon site web, les donn\u00e9es inscrites dans le formulaire de commentaire, mais aussi votre adresse\u2026","rel":"","context":"Article similaire","block_context":{"text":"Article similaire","link":""},"img":{"alt_text":"","src":"","width":0,"height":0},"classes":[]},{"id":40,"url":"https:\/\/le-bars.net\/yoann\/fr\/","url_meta":{"origin":81,"position":1},"title":"Bienvenue\u202f!","author":"Yoann Le Bars","date":"3 avril 2015","format":false,"excerpt":"De par mon m\u00e9tier, je me trouve \u00e0 changer de pays, \u00e0 habiter un temps ici, puis ailleurs. Cela a au moins le m\u00e9rite d\u2019\u00e9largir les points de vue. Justement, comment ressent-on toutes les agitations, vu d\u2019ici\u202f? Pendant mes \u00e9tudes, je me suis int\u00e9ress\u00e9 aux math\u00e9matiques appliqu\u00e9es (principalement les math\u00e9matiques\u2026","rel":"","context":"Avec 1 commentaire","block_context":{"text":"Avec 1 commentaire","link":"https:\/\/le-bars.net\/yoann\/fr\/#comments"},"img":{"alt_text":"Lever de soleil en Guyane","src":"https:\/\/i0.wp.com\/le-bars.net\/yoann\/wordpress\/wp-content\/uploads\/2015\/09\/accueil2-1024x431.png?resize=350%2C200","width":350,"height":200,"srcset":"https:\/\/i0.wp.com\/le-bars.net\/yoann\/wordpress\/wp-content\/uploads\/2015\/09\/accueil2-1024x431.png?resize=350%2C200 1x, https:\/\/i0.wp.com\/le-bars.net\/yoann\/wordpress\/wp-content\/uploads\/2015\/09\/accueil2-1024x431.png?resize=525%2C300 1.5x"},"classes":[]}],"jetpack_sharing_enabled":true,"_links":{"self":[{"href":"https:\/\/le-bars.net\/yoann\/wp-json\/wp\/v2\/pages\/81","targetHints":{"allow":["GET"]}}],"collection":[{"href":"https:\/\/le-bars.net\/yoann\/wp-json\/wp\/v2\/pages"}],"about":[{"href":"https:\/\/le-bars.net\/yoann\/wp-json\/wp\/v2\/types\/page"}],"author":[{"embeddable":true,"href":"https:\/\/le-bars.net\/yoann\/wp-json\/wp\/v2\/users\/1"}],"replies":[{"embeddable":true,"href":"https:\/\/le-bars.net\/yoann\/wp-json\/wp\/v2\/comments?post=81"}],"version-history":[{"count":27,"href":"https:\/\/le-bars.net\/yoann\/wp-json\/wp\/v2\/pages\/81\/revisions"}],"predecessor-version":[{"id":8510,"href":"https:\/\/le-bars.net\/yoann\/wp-json\/wp\/v2\/pages\/81\/revisions\/8510"}],"wp:attachment":[{"href":"https:\/\/le-bars.net\/yoann\/wp-json\/wp\/v2\/media?parent=81"}],"curies":[{"name":"wp","href":"https:\/\/api.w.org\/{rel}","templated":true}]}}