{"id":90,"date":"2015-04-07T02:03:47","date_gmt":"2015-04-07T00:03:47","guid":{"rendered":"http:\/\/le-bars.net\/yoann\/?page_id=90"},"modified":"2018-05-23T05:08:26","modified_gmt":"2018-05-23T03:08:26","slug":"resume","status":"publish","type":"page","link":"https:\/\/le-bars.net\/yoann\/en\/resume\/","title":{"rendered":"Resume"},"content":{"rendered":"<p>Yoann Le Bars<\/p>\n<p><em>Numerical analyst<\/em><\/p>\n<h2>Skills<\/h2>\n<h4>Mathematics<\/h4>\n<p>Functional analysis, numerical analysis, meshes, finite elements, finite differences, finite volumes, discontinuous-Galerkin\u2019s method.<\/p>\n<h4>Physics<\/h4>\n<p>Fluid mechanics, physical oceanography.<\/p>\n<h4>Computer science<\/h4>\n<p>Analysis of numerical instabilities, parallel computing, algorithms, C, C++, Fortran, Python, <img decoding=\"async\" src=\"https:\/\/s0.wp.com\/latex.php?latex=%5CLaTeX&#038;bg=ffffff&#038;fg=000&#038;s=0&#038;c=20201002\" alt=\"&#92;LaTeX\" class=\"latex\" \/>, <span style=\"font-variant: small-caps;\">gnu<\/span>\/Linux (including administration of servers).<\/p>\n<h4>French<\/h4>\n<p>Native speaker.<\/p>\n<p>French citizen.<\/p>\n<h4>English<\/h4>\n<p>Fluent, 18 years of practice.<\/p>\n<p>Several stays in the United Kingdom and the United States of America, including a post-doctoral position.<\/p>\n<p><span style=\"font-variant: small-caps;\">Toefl<\/span>\u00a0i<span style=\"font-variant: small-caps;\">bt<\/span>: 92\/120 (in 2007). <span style=\"font-variant: small-caps;\">Toeic<\/span>: 870\/1000 (in 2008).<\/p>\n<h4>German<\/h4>\n<p>High school level, 20 years of practice.<\/p>\n<p>Several stays in Germany, including one month as a high school student.<\/p>\n<h2>Education<\/h2>\n<h4>2006 \u2013 2010<\/h4>\n<p>Ph.D, <a href=\"http:\/\/www.univ-tlse3.fr\/home\/home-page-en-379161.kjsp?RH=ACCUEIL\" title=\"University Paul\u00a0Sabatier\" rel=\"noopener\" target=\"_blank\">University Paul Sabatier<\/a>, Toulouse \u2013 France, physical oceanography.<\/p>\n<p>Barotropic dynamic modelling of the Amazon estuary and shelf.<\/p>\n<h4>2004 \u2013 2005<\/h4>\n<p>Master, <a href=\"https:\/\/www.sorbonne-universite.fr\/en\" title=\"Universit\u00e9 Paris-Sorbonne\" rel=\"noopener\" target=\"_blank\">University Pierre and Marie Curie (Paris 6)<\/a> \u2013 <a href=\"http:\/\/www.ens.fr\/en\" title=\"\u00c9cole normale sup\u00e9rieure\" rel=\"noopener\" target=\"_blank\">\u00c9cole normale sup\u00e9rieure<\/a> \u2013 <a href=\"https:\/\/www.polytechnique.edu\/en\" title=\"\u00c9cole polytechnique\" rel=\"noopener\" target=\"_blank\">\u00c9cole polytechnique<\/a> \u2013 <a href=\"http:\/\/www.enpc.fr\/en\" title=\"\u00c9cole des ponts Paritech\" rel=\"noopener\" target=\"_blank\">\u00c9cole des ponts<\/a>, Paris \u2013 France.<\/p>\n<p>Applied mathematics, specialities in mathematical modelling and computer science.<\/p>\n<h2>Career history<\/h2>\n<p>References available upon request.<\/p>\n<h3>Researcher experience<\/h3>\n<h4>Since March 2018<\/h4>\n<p>Post-doctoral position, <a href=\"http:\/\/www.cnrs.fr\/index.html\" title=\"CNRS\" rel=\"noopener\" target=\"_blank\"><span style=\"font-variant: small-caps;\">cnrs<\/span><\/a> \u2013 <a href=\"http:\/\/www.unicaen.fr\/home-578581.kjsp?RH=1291198060074&RF=UNIV-EN\" title=\"Universit\u00e9 de Caen\" rel=\"noopener\" target=\"_blank\">Universit\u00e9 de Caen<\/a>, Caen \u2013 France, <a href=\"http:\/\/www.unicaen.fr\/m2c\/\" title=\"M2C\" rel=\"noopener\" target=\"_blank\"><span style=\"font-variant: small-caps;\">m2c<\/span><\/a>, in <a href=\"https:\/\/sites.google.com\/site\/anneclairebennis\/\" title=\"Anne-Claire\u00a0Bennis\" rel=\"noopener\" target=\"_blank\">Anne-Claire\u00a0Bennis<\/a>\u2019 team.<\/p>\n<p>Modelisation of sea waves with interaction to rivers.<\/p>\n<h4>June 2013 \u2013 June 2015<\/h4>\n<p>Post-doctoral position, <a href=\"https:\/\/uclouvain.be\/en\/index.html\" title=\"Universit\u00e9 catholique de Louvain\" rel=\"noopener\" target=\"_blank\">Universit\u00e9 catholique de Louvain<\/a>, Louvain-la-neuve \u2013 Belgium, <a href=\"https:\/\/uclouvain.be\/en\/research-institutes\/immc\" title=\"IMMC\" rel=\"noopener\" target=\"_blank\">Institute of Mechanics, Materials and Civil Engineering<\/a>, in <a href=\"http:\/\/perso.uclouvain.be\/eric.deleersnijder\/cms\/\" title=\"\u00c9ric\u00a0Deleersnijder\" target=\"_blank\">\u00c9ric\u00a0Deleersnijder<\/a>\u2019s team.<\/p>\n<p>Contribution to <span style=\"font-variant: small-caps;\">slim<\/span> 2D and 3D model and application to the Congo River and neighbouring ocean.<\/p>\n<h4>June 2011 \u2013 June 2012<\/h4>\n<p>Post-doctoral position, <a href=\"http:\/\/www.enpc.fr\/en\/laboratories-research-saint-venant-hydraulics\" title=\"LHSV\" rel=\"noopener\" target=\"_blank\">Saint-Venant laboratory for hydraulics<\/a>, Chatou \u2013 France, <a href=\"http:\/\/www.enpc.fr\/en\" title=\"\u00c9cole des ponts Paritech\" rel=\"noopener\" target=\"_blank\">\u00c9cole des ponts Paristech<\/a> \u2013 <span style=\"font-variant: small-caps;\">cetmef<\/span> \u2013 <a href=\"https:\/\/www.edf.fr\/en\/meta-home\" title=\"EDF\" rel=\"noopener\" target=\"_blank\"><span style=\"font-variant: small-caps;\">edf\u00a0r&d<\/span><\/a>, in <a href=\"https:\/\/www.irphe.fr\/?q=fr\/users\/benoit-michel\" title=\"Michel\u00a0Benoit\" target=\"_blank\">Michel\u00a0Benoit<\/a>\u2019s team.<\/p>\n<p>Creation of a surge model for French Atlantic coast, to be used in climate change studies.August 2010 \u2013 March 2011<\/p>\n<h4>August 2010 \u2013 March 2011<\/h4>\n<p>Post-doctoral position, <a href=\"https:\/\/www.nrl.navy.mil\/\" title=\"Naval Research Laboratory\" rel=\"noopener\" target=\"_blank\">Naval Research Laboratory<\/a>, <a href=\"https:\/\/www.nasa.gov\/centers\/stennis\/home\/index.html\" title=\"Stennis Space Center\" rel=\"noopener\" target=\"_blank\">Stennis Space Center<\/a> (<a href=\"https:\/\/www.nasa.gov\/\" title=\"NASA\" rel=\"noopener\" target=\"_blank\"><span style=\"font-variant: small-caps;\">nasa<\/span><\/a>) \u2013 <span style=\"font-variant: small-caps;\">usa<\/span>, <a href=\"https:\/\/home.usm.edu\/\" title=\"University of Southern Mississippi\" rel=\"noopener\" target=\"_blank\">University of Southern Mississippi<\/a> \u2013 <span style=\"font-variant: small-caps;\">us<\/span> Navy, in <a href=\"http:\/\/www.bu.edu\/pasi-tsunami\/people\/cheryl-ann-blain\/\" title=\"Cheryl\u00a0Ann\u00a0Blain\" target=\"_blank\">Cheryl\u00a0Ann\u00a0Blain<\/a>\u2019s team.<\/p>\n<p>Contribution to creating a Virginia coastal model.<\/p>\n<h4>November 2006 \u2013 May 2010<\/h4>\n<p>Ph.D thesis, <a href=\"http:\/\/www.legos.obs-mip.fr\/bienvenue?set_language=en&cl=en\" title=\"LEGOS\" rel=\"noopener\" target=\"_blank\"><span style=\"font-variant: small-caps;\">legos<\/span><\/a>, Toulouse \u2013 France, <a href=\"http:\/\/www.cnrs.fr\/index.html\" title=\"CNRS\" rel=\"noopener\" target=\"_blank\"><span style=\"font-variant: small-caps;\">cnrs<\/span><\/a> \u2013 <a href=\"https:\/\/cnes.fr\/en\" title=\"CNES\" rel=\"noopener\" target=\"_blank\"><span style=\"font-variant: small-caps;\">cnes<\/span><\/a> \u2013 <a href=\"http:\/\/www.univ-tlse3.fr\/home\/home-page-en-379161.kjsp?RH=ACCUEIL\" title=\"University Paul\u00a0Sabatier\" rel=\"noopener\" target=\"_blank\">University Paul Sabatier<\/a>, under the supervision of <a href=\"http:\/\/www.legos.obs-mip.fr\/lyard\" title=\"Florent\u00a0Lyard\" target=\"_blank\">Florent\u00a0Lyard<\/a>.<\/p>\n<p>Contribution to the implementation of a unstructured grid mixed elements model, for oceanographic applications and using it for the Amazon River and neighbouring ocean.<\/p>\n<h3>Teaching and supervision<\/h3>\n<h4>September 2016 \u2013 June 2017<\/h4>\n<p>Teacher, <a href=\"https:\/\/eisti.fr\/en\" title=\"EISTI\" rel=\"noopener\" target=\"_blank\"><span style=\"font-variant: small-caps;\">eisti<\/span><\/a>, Cergy, France, first year undergratuades degree to second year of postgraduate degree.<\/p>\n<p>Teacher in analysis, probability, functional analysis, optimisation and graphs theory in an engineer school. Some of these courses are in English.<\/p>\n<h4>2013 \u2013 2015<\/h4>\n<p>Teaching assistant, <a href=\"https:\/\/uclouvain.be\/en\/faculties\/epl\" title=\"Louvain School of Engineering\" rel=\"noopener\" target=\"_blank\">Louvain School of Engineering<\/a>, Louvain-la-neuve, Belgium, First year of undergraduate degree.<\/p>\n<p>Introduction to partial differential equations and complex analysis.<\/p>\n<h4>2011 \u2013 2013<\/h4>\n<p>Lecturer, <a href=\"http:\/\/www.enpc.fr\/en\" title=\"\u00c9coles des ponts Paritech\" rel=\"noopener\" target=\"_blank\">\u00c9cole des ponts Paristech<\/a>, Champs-sur-Marne \u2013 France, third year of undergraduate degree.<\/p>\n<p>Introduction to C++ programming and to algorithms, theory and practice.<\/p>\n<h4>1999, 2000, and 2001<\/h4>\n<p>National simulation game tournament, \u201c<a href=\"http:\/\/selenim.free.fr\/\" title=\"Les Forgerons de l\u2019\u00e9p\u00e9e\" rel=\"noopener\" target=\"_blank\">Les Forgerons de l\u2019\u00e9p\u00e9e<\/a>\u201d association, Bouff\u00e9mont \u2013 France, president of the organising committee.<\/p>\n<p>Main organizer.<\/p>\n<h4>1999<\/h4>\n<p>Teaching assistant in mathematics and physics, <a href=\"https:\/\/www.sorbonne-universite.fr\/en\" title=\"Universit\u00e9 Paris-Sorbonne\" rel=\"noopener\" target=\"_blank\">University Pierre and Marie Curie<\/a>, Paris \u2013 France, incoming student workshop.<\/p>\n<p>Tutorial class.<\/p>\n<h4>1998 \u2013 2000<\/h4>\n<p>Supervisor, <a href=\"http:\/\/www.revesdejeux.com\/rdj\/index.php\" title=\"R\u00eaves de jeux\" rel=\"noopener\" target=\"_blank\">R\u00eaves de jeux<\/a>, La Vern\u00e9e \u2013 France, holiday centre for teenagers.<\/p>\n<p>Holiday centre specialised in teaching using games (holder of a supervisor degree).<\/p>\n<h3>Experience as an engineer<\/h3>\n<h4>June 2017 \u2013 Decembre 2017<\/h4>\n<p><a href=\"https:\/\/uk.c-s.fr\/\" rel=\"noopener\" title=\"CS Communication\" target=\"_blank\">CS Communication<\/a><\/p>\n<p>Developer of software solutions.<\/p>\n<h4>February 2005 \u2013 June 2005<\/h4>\n<p>Master internship, <a href=\"https:\/\/www.lip6.fr\/\" title=\"LIP6\" rel=\"noopener\" target=\"_blank\">Computer science laboratory of Paris&nbsp;6<\/a> (<span style=\"font-variant: small-caps;\">lip6<\/span>), <a href=\"https:\/\/www.sorbonne-universite.fr\/en\" title=\"Universit\u00e9 Paris-Sorbonne\" rel=\"noopener\" target=\"_blank\">University Pierre and Marie Curie<\/a> \u2013 <a href=\"http:\/\/www.cnrs.fr\/index.html\" title=\"CNRS\" rel=\"noopener\" target=\"_blank\"><span style=\"font-variant: small-caps;\">cnrs<\/span><\/a>.<\/p>\n<p>Implementation of the <span style=\"font-variant: small-caps;\">cestac<\/span> method within the <span style=\"font-variant: small-caps;\">blas<\/span> library: detection of numerical instabilities in scientific computing programs using a stochastic approach.<\/p>\n<h4>June 2003 \u2013 august 2003<\/h4>\n<p>Internship, <a href=\"http:\/\/www.cea.fr\/english\" title=\"CEA\" rel=\"noopener\" target=\"_blank\"><span style=\"font-variant: small-caps;\">cea<\/span><\/a>, Saclay \u2013 France.<\/p>\n<p>Collaboration on a referential system for the <span style=\"font-variant: small-caps;\">atlas muon<\/span> particle accelerator: signal analysis and correlation using the least squares method, spatial configuration evaluation.<\/p>\n<h2>Interests<\/h2>\n<h4>Music<\/h4>\n<p>Guitar and saxophone, classical music and jazz in a music school for 24 years, founder of a quartet.<\/p>\n<h4>Painting<\/h4>\n<p>10 years of practice in art school.<\/p>\n<h4>Fencing<\/h4>\n<p>14 years experience, fencing instructor. French stage fencing champion 2002, French stage fencing vice-champion 2004, participation in 2004 stage fencing world championship, stage fencing world vice-champion 2008, fourth place in 2012 stage fencing world championship. Creation, direction of, and participation in live shows (such as \u201cLes Nuits de Versailles\u201d, directed by Bartabas), and cinema and TV filming.<\/p>\n<h4>Cultural association work<\/h4>\n<p>Active member of the association \u201cChasseurs de R\u00eaves\u201d, which publishes a magazine and organises exhibitions.<\/p>\n","protected":false},"excerpt":{"rendered":"<p>Yoann Le Bars Numerical analyst Skills Mathematics Functional analysis, numerical analysis, meshes, finite elements, finite differences, finite volumes, discontinuous-Galerkin\u2019s method. Physics Fluid mechanics, physical oceanography. Computer science Analysis of numerical instabilities, parallel computing, algorithms, C, C++, Fortran, Python, , gnu\/Linux (including administration of servers). French Native speaker. French citizen. English Fluent, 18 years of practice. &hellip; <a href=\"https:\/\/le-bars.net\/yoann\/en\/resume\/\" class=\"more-link\">Continuer la lecture de <span class=\"screen-reader-text\">Resume<\/span><\/a><\/p>\n","protected":false},"author":1,"featured_media":0,"parent":0,"menu_order":0,"comment_status":"closed","ping_status":"open","template":"","meta":{"jetpack_post_was_ever_published":false,"footnotes":""},"class_list":["post-90","page","type-page","status-publish","hentry"],"yoast_head":"<!-- This site is optimized with the Yoast SEO plugin v27.1.1 - https:\/\/yoast.com\/product\/yoast-seo-wordpress\/ -->\n<title>Resume &#8211; Vu d\u2019ici<\/title>\n<meta name=\"description\" content=\"Yoann Le Bars\u2019 resume.\" \/>\n<meta name=\"robots\" content=\"index, follow, max-snippet:-1, max-image-preview:large, max-video-preview:-1\" \/>\n<link rel=\"canonical\" href=\"https:\/\/le-bars.net\/yoann\/en\/resume\/\" \/>\n<meta property=\"og:locale\" content=\"fr_FR\" \/>\n<meta property=\"og:type\" content=\"article\" \/>\n<meta property=\"og:title\" content=\"Resume &#8211; Vu d\u2019ici\" \/>\n<meta property=\"og:description\" content=\"Yoann Le Bars\u2019 resume.\" \/>\n<meta property=\"og:url\" content=\"https:\/\/le-bars.net\/yoann\/en\/resume\/\" \/>\n<meta property=\"og:site_name\" content=\"Vu d\u2019ici\" \/>\n<meta property=\"article:modified_time\" content=\"2018-05-23T03:08:26+00:00\" \/>\n<meta name=\"twitter:card\" content=\"summary_large_image\" \/>\n<meta name=\"twitter:label1\" content=\"Dur\u00e9e de lecture estim\u00e9e\" \/>\n\t<meta name=\"twitter:data1\" content=\"3 minutes\" \/>\n<script type=\"application\/ld+json\" class=\"yoast-schema-graph\">{\"@context\":\"https:\/\/schema.org\",\"@graph\":[{\"@type\":\"WebPage\",\"@id\":\"https:\/\/le-bars.net\/yoann\/en\/resume\/\",\"url\":\"https:\/\/le-bars.net\/yoann\/en\/resume\/\",\"name\":\"Resume &#8211; Vu d\u2019ici\",\"isPartOf\":{\"@id\":\"https:\/\/le-bars.net\/yoann\/#website\"},\"datePublished\":\"2015-04-07T00:03:47+00:00\",\"dateModified\":\"2018-05-23T03:08:26+00:00\",\"description\":\"Yoann Le Bars\u2019 resume.\",\"breadcrumb\":{\"@id\":\"https:\/\/le-bars.net\/yoann\/en\/resume\/#breadcrumb\"},\"inLanguage\":\"fr-FR\",\"potentialAction\":[{\"@type\":\"ReadAction\",\"target\":[\"https:\/\/le-bars.net\/yoann\/en\/resume\/\"]}]},{\"@type\":\"BreadcrumbList\",\"@id\":\"https:\/\/le-bars.net\/yoann\/en\/resume\/#breadcrumb\",\"itemListElement\":[{\"@type\":\"ListItem\",\"position\":1,\"name\":\"Accueil\",\"item\":\"https:\/\/le-bars.net\/yoann\/fr\/\"},{\"@type\":\"ListItem\",\"position\":2,\"name\":\"Resume\"}]},{\"@type\":\"WebSite\",\"@id\":\"https:\/\/le-bars.net\/yoann\/#website\",\"url\":\"https:\/\/le-bars.net\/yoann\/\",\"name\":\"Vu d\u2019ici\",\"description\":\"Pages personnelles de Yoann LE\u00a0BARS\",\"publisher\":{\"@id\":\"https:\/\/le-bars.net\/yoann\/#\/schema\/person\/90c5a2de7ad2db1184bbe140ebea1576\"},\"potentialAction\":[{\"@type\":\"SearchAction\",\"target\":{\"@type\":\"EntryPoint\",\"urlTemplate\":\"https:\/\/le-bars.net\/yoann\/?s={search_term_string}\"},\"query-input\":{\"@type\":\"PropertyValueSpecification\",\"valueRequired\":true,\"valueName\":\"search_term_string\"}}],\"inLanguage\":\"fr-FR\"},{\"@type\":[\"Person\",\"Organization\"],\"@id\":\"https:\/\/le-bars.net\/yoann\/#\/schema\/person\/90c5a2de7ad2db1184bbe140ebea1576\",\"name\":\"Yoann Le Bars\",\"image\":{\"@type\":\"ImageObject\",\"inLanguage\":\"fr-FR\",\"@id\":\"https:\/\/le-bars.net\/yoann\/#\/schema\/person\/image\/\",\"url\":\"https:\/\/i0.wp.com\/le-bars.net\/yoann\/wordpress\/wp-content\/uploads\/2020\/11\/fec731577f2c05141910be0dc3ef5bb2.jpeg?fit=80%2C80&ssl=1\",\"contentUrl\":\"https:\/\/i0.wp.com\/le-bars.net\/yoann\/wordpress\/wp-content\/uploads\/2020\/11\/fec731577f2c05141910be0dc3ef5bb2.jpeg?fit=80%2C80&ssl=1\",\"width\":80,\"height\":80,\"caption\":\"Yoann Le Bars\"},\"logo\":{\"@id\":\"https:\/\/le-bars.net\/yoann\/#\/schema\/person\/image\/\"},\"description\":\"Un enseignant-chercheur avec un peu trop de centres d\u2019int\u00e9r\u00eats pour pouvoir r\u00e9sumer\u2026\",\"sameAs\":[\"http:\/\/le-bars.net\/yoann\"]}]}<\/script>\n<!-- \/ Yoast SEO plugin. -->","yoast_head_json":{"title":"Resume &#8211; Vu d\u2019ici","description":"Yoann Le Bars\u2019 resume.","robots":{"index":"index","follow":"follow","max-snippet":"max-snippet:-1","max-image-preview":"max-image-preview:large","max-video-preview":"max-video-preview:-1"},"canonical":"https:\/\/le-bars.net\/yoann\/en\/resume\/","og_locale":"fr_FR","og_type":"article","og_title":"Resume &#8211; Vu d\u2019ici","og_description":"Yoann Le Bars\u2019 resume.","og_url":"https:\/\/le-bars.net\/yoann\/en\/resume\/","og_site_name":"Vu d\u2019ici","article_modified_time":"2018-05-23T03:08:26+00:00","twitter_card":"summary_large_image","twitter_misc":{"Dur\u00e9e de lecture estim\u00e9e":"3 minutes"},"schema":{"@context":"https:\/\/schema.org","@graph":[{"@type":"WebPage","@id":"https:\/\/le-bars.net\/yoann\/en\/resume\/","url":"https:\/\/le-bars.net\/yoann\/en\/resume\/","name":"Resume &#8211; Vu d\u2019ici","isPartOf":{"@id":"https:\/\/le-bars.net\/yoann\/#website"},"datePublished":"2015-04-07T00:03:47+00:00","dateModified":"2018-05-23T03:08:26+00:00","description":"Yoann Le Bars\u2019 resume.","breadcrumb":{"@id":"https:\/\/le-bars.net\/yoann\/en\/resume\/#breadcrumb"},"inLanguage":"fr-FR","potentialAction":[{"@type":"ReadAction","target":["https:\/\/le-bars.net\/yoann\/en\/resume\/"]}]},{"@type":"BreadcrumbList","@id":"https:\/\/le-bars.net\/yoann\/en\/resume\/#breadcrumb","itemListElement":[{"@type":"ListItem","position":1,"name":"Accueil","item":"https:\/\/le-bars.net\/yoann\/fr\/"},{"@type":"ListItem","position":2,"name":"Resume"}]},{"@type":"WebSite","@id":"https:\/\/le-bars.net\/yoann\/#website","url":"https:\/\/le-bars.net\/yoann\/","name":"Vu d\u2019ici","description":"Pages personnelles de Yoann LE\u00a0BARS","publisher":{"@id":"https:\/\/le-bars.net\/yoann\/#\/schema\/person\/90c5a2de7ad2db1184bbe140ebea1576"},"potentialAction":[{"@type":"SearchAction","target":{"@type":"EntryPoint","urlTemplate":"https:\/\/le-bars.net\/yoann\/?s={search_term_string}"},"query-input":{"@type":"PropertyValueSpecification","valueRequired":true,"valueName":"search_term_string"}}],"inLanguage":"fr-FR"},{"@type":["Person","Organization"],"@id":"https:\/\/le-bars.net\/yoann\/#\/schema\/person\/90c5a2de7ad2db1184bbe140ebea1576","name":"Yoann Le Bars","image":{"@type":"ImageObject","inLanguage":"fr-FR","@id":"https:\/\/le-bars.net\/yoann\/#\/schema\/person\/image\/","url":"https:\/\/i0.wp.com\/le-bars.net\/yoann\/wordpress\/wp-content\/uploads\/2020\/11\/fec731577f2c05141910be0dc3ef5bb2.jpeg?fit=80%2C80&ssl=1","contentUrl":"https:\/\/i0.wp.com\/le-bars.net\/yoann\/wordpress\/wp-content\/uploads\/2020\/11\/fec731577f2c05141910be0dc3ef5bb2.jpeg?fit=80%2C80&ssl=1","width":80,"height":80,"caption":"Yoann Le Bars"},"logo":{"@id":"https:\/\/le-bars.net\/yoann\/#\/schema\/person\/image\/"},"description":"Un enseignant-chercheur avec un peu trop de centres d\u2019int\u00e9r\u00eats pour pouvoir r\u00e9sumer\u2026","sameAs":["http:\/\/le-bars.net\/yoann"]}]}},"jetpack_shortlink":"https:\/\/wp.me\/P61hos-1s","jetpack-related-posts":[{"id":3651,"url":"https:\/\/le-bars.net\/yoann\/en\/privacy-policy\/","url_meta":{"origin":90,"position":0},"title":"Privacy Policy","author":"Yoann Le Bars","date":"23 mai 2018","format":false,"excerpt":"Who am I? I am an individual, currently a post-doctorate at the University of Caen (see my resume). My website address is: http:\/\/le-bars.net\/yoann. Use of collected personal data Comments When you leave a comment on my website, the data entered in the comment form, but also your IP address and\u2026","rel":"","context":"Article similaire","block_context":{"text":"Article similaire","link":""},"img":{"alt_text":"","src":"","width":0,"height":0},"classes":[]},{"id":43,"url":"https:\/\/le-bars.net\/yoann\/en\/","url_meta":{"origin":90,"position":1},"title":"Welcome!","author":"Yoann Le Bars","date":"3 avril 2015","format":false,"excerpt":"Because of my profession, I am to move from one country to another, living some times here, then there. At least, it opens you a wider point of view. Indeed, what to think about all the restlessness, when it is view from here? When I was a student, I was\u2026","rel":"","context":"Avec 1 commentaire","block_context":{"text":"Avec 1 commentaire","link":"https:\/\/le-bars.net\/yoann\/en\/#comments"},"img":{"alt_text":"Sunrise in French Guyana","src":"https:\/\/i0.wp.com\/le-bars.net\/yoann\/wordpress\/wp-content\/uploads\/2015\/09\/accueil2-1024x431.png?resize=350%2C200","width":350,"height":200,"srcset":"https:\/\/i0.wp.com\/le-bars.net\/yoann\/wordpress\/wp-content\/uploads\/2015\/09\/accueil2-1024x431.png?resize=350%2C200 1x, https:\/\/i0.wp.com\/le-bars.net\/yoann\/wordpress\/wp-content\/uploads\/2015\/09\/accueil2-1024x431.png?resize=525%2C300 1.5x"},"classes":[]},{"id":1916,"url":"https:\/\/le-bars.net\/yoann\/en\/links\/","url_meta":{"origin":90,"position":2},"title":"Links","author":"Yoann Le Bars","date":"22 octobre 2015","format":false,"excerpt":"In this section, you will found a selection of links I consider interesting. They are thematically gathered into several sections. As I do not want to give a simple list of links, for each item I make a presentation and put a reference to this description. Sections Scientific popularisation Culture","rel":"","context":"Article similaire","block_context":{"text":"Article similaire","link":""},"img":{"alt_text":"","src":"","width":0,"height":0},"classes":[]}],"jetpack_sharing_enabled":true,"_links":{"self":[{"href":"https:\/\/le-bars.net\/yoann\/wp-json\/wp\/v2\/pages\/90","targetHints":{"allow":["GET"]}}],"collection":[{"href":"https:\/\/le-bars.net\/yoann\/wp-json\/wp\/v2\/pages"}],"about":[{"href":"https:\/\/le-bars.net\/yoann\/wp-json\/wp\/v2\/types\/page"}],"author":[{"embeddable":true,"href":"https:\/\/le-bars.net\/yoann\/wp-json\/wp\/v2\/users\/1"}],"replies":[{"embeddable":true,"href":"https:\/\/le-bars.net\/yoann\/wp-json\/wp\/v2\/comments?post=90"}],"version-history":[{"count":20,"href":"https:\/\/le-bars.net\/yoann\/wp-json\/wp\/v2\/pages\/90\/revisions"}],"predecessor-version":[{"id":3686,"href":"https:\/\/le-bars.net\/yoann\/wp-json\/wp\/v2\/pages\/90\/revisions\/3686"}],"wp:attachment":[{"href":"https:\/\/le-bars.net\/yoann\/wp-json\/wp\/v2\/media?parent=90"}],"curies":[{"name":"wp","href":"https:\/\/api.w.org\/{rel}","templated":true}]}}